{"id":40,"date":"2018-06-09T10:57:18","date_gmt":"2018-06-09T08:57:18","guid":{"rendered":"http:\/\/wordpress.hypdata-hypothekenleitstelle.de\/?page_id=40"},"modified":"2025-07-11T09:48:34","modified_gmt":"2025-07-11T07:48:34","slug":"startseite","status":"publish","type":"page","link":"https:\/\/hypdata-immobilien.de\/site\/","title":{"rendered":"Startseite"},"content":{"rendered":"<div id=\"pl-40\"  class=\"panel-layout\" ><div id=\"pg-40-0\"  class=\"panel-grid panel-no-style\" ><div id=\"pgc-40-0-0\"  class=\"panel-grid-cell\" ><div id=\"panel-40-0-0-0\" class=\"so-panel widget widget_siteorigin-panels-builder panel-first-child\" data-index=\"0\" ><div id=\"pl-w6870c1d20aa40\"  class=\"panel-layout\" ><div id=\"pg-w6870c1d20aa40-0\"  class=\"panel-grid panel-no-style\" ><div id=\"pgc-w6870c1d20aa40-0-0\"  class=\"panel-grid-cell\" ><div id=\"panel-w6870c1d20aa40-0-0-0\" class=\"so-panel widget widget_text panel-first-child panel-last-child\" data-index=\"0\" ><h3 class=\"widget-title\">AUGUSTA STUDIOS<\/h3>\t\t\t<div class=\"textwidget\"><div class=\"\" data-block=\"true\" data-editor=\"8gt9l\" data-offset-key=\"28ut8-0-0\">\n<div class=\"_1mf _1mj\" data-offset-key=\"28ut8-0-0\">\n<div class=\"\" data-block=\"true\" data-editor=\"8gt9l\" data-offset-key=\"28ut8-0-0\">\n<div class=\"_1mf _1mj\" data-offset-key=\"28ut8-0-0\">\n<div class=\"\" data-block=\"true\" data-editor=\"8gt9l\" data-offset-key=\"28ut8-0-0\">\n<div class=\"_1mf _1mj\" data-offset-key=\"28ut8-0-0\">\n<div class=\"\" data-block=\"true\" data-editor=\"8gt9l\" data-offset-key=\"28ut8-0-0\">\n<div class=\"_1mf _1mj\" data-offset-key=\"28ut8-0-0\">\n<div class=\"\" data-block=\"true\" data-editor=\"8gt9l\" data-offset-key=\"28ut8-0-0\">\n<div class=\"_1mf _1mj\" data-offset-key=\"28ut8-0-0\">\n<div class=\"\" data-block=\"true\" data-editor=\"8gt9l\" data-offset-key=\"28ut8-0-0\">\n<div class=\"_1mf _1mj\" data-offset-key=\"28ut8-0-0\">\n<div class=\"\" data-block=\"true\" data-editor=\"8gt9l\" data-offset-key=\"28ut8-0-0\">\n<div class=\"_1mf _1mj\" data-offset-key=\"28ut8-0-0\">\n<div class=\"\" data-block=\"true\" data-editor=\"8gt9l\" data-offset-key=\"28ut8-0-0\">\n<div class=\"_1mf _1mj\" data-offset-key=\"28ut8-0-0\">\n<div class=\"\" data-block=\"true\" data-editor=\"8gt9l\" data-offset-key=\"28ut8-0-0\">\n<div class=\"_1mf _1mj\" data-offset-key=\"28ut8-0-0\">\n<div class=\"\" data-block=\"true\" data-editor=\"8gt9l\" data-offset-key=\"28ut8-0-0\">\n<div class=\"_1mf _1mj\" data-offset-key=\"28ut8-0-0\">\n<div class=\"\" data-block=\"true\" data-editor=\"8gt9l\" data-offset-key=\"28ut8-0-0\">\n<div class=\"_1mf _1mj\" data-offset-key=\"28ut8-0-0\">\n<div class=\"\" data-block=\"true\" data-editor=\"8gt9l\" data-offset-key=\"28ut8-0-0\">\n<div class=\"_1mf _1mj\" data-offset-key=\"28ut8-0-0\">\n<div class=\"xdj266r x11i5rnm xat24cr x1mh8g0r x1vvkbs x126k92a\">\n<div dir=\"auto\">\n<p>Freitag, den 11. Juli, 09.50 Uhr<\/p>\n<p>Hier ein paar Impressionen aus unseren fertiggestellten AUGUSTA STUDIOS.<\/p>\n<p>Ihr HYPDATA-Team w\u00fcnscht ein sch\u00f6nes Wochenende!<\/p>\n<\/div>\n<\/div>\n<\/div>\n<\/div>\n<\/div>\n<\/div>\n<\/div>\n<\/div>\n<\/div>\n<\/div>\n<\/div>\n<\/div>\n<\/div>\n<\/div>\n<\/div>\n<\/div>\n<\/div>\n<\/div>\n<\/div>\n<\/div>\n<\/div>\n<\/div>\n<\/div>\n<\/div>\n<\/div>\n<\/div>\n<\/div>\n\t\t<\/div><\/div><div id=\"pgc-w6870c1d20aa40-0-1\"  class=\"panel-grid-cell\" ><div id=\"panel-w6870c1d20aa40-0-1-0\" class=\"so-panel widget widget_dansnet-image panel-first-child panel-last-child\" data-index=\"1\" >\t\t\t<div class=\"dansnet-image-container\">\n\t\t\t\t\t\t\t\t\t<a data-action=\"open\" class=\"btn\">Galerie \u00f6ffnen<\/a>\n\t\t\t\t\t\t\t\t<div id=\"S69f47d1d89a51\" class=\"slider\">\n\t\t\t\t\t<ul class=\"slides\">\n\t\t\t\t\t\t\t\t\t\t\t<li>\n\t\t\t\t\t\t\t<img data-id=\"0\" data-src=\"https:\/\/hypdata-immobilien.de\/site\/wp-content\/uploads\/2025\/07\/Tiefgarage-1-1024x768.jpeg\" \n\t\t\t\t\t\t\t\t data-width=\"1024\" data-height=\"768\" \n\t\t\t\t\t\t\t\t src=\"https:\/\/hypdata-immobilien.de\/site\/wp-content\/uploads\/2025\/07\/Tiefgarage-1-1024x768.jpeg\"> \n\t\t\t\t\t\t<\/li>\n\t\t\t\t\t\t\t\t\t\t\t<li>\n\t\t\t\t\t\t\t<img data-id=\"1\" data-src=\"https:\/\/hypdata-immobilien.de\/site\/wp-content\/uploads\/2025\/07\/Eingangsbereich-Wohnung-861x1024.jpg\" \n\t\t\t\t\t\t\t\t data-width=\"861\" data-height=\"1024\" \n\t\t\t\t\t\t\t\t src=\"https:\/\/hypdata-immobilien.de\/site\/wp-content\/uploads\/2025\/07\/Eingangsbereich-Wohnung-861x1024.jpg\"> \n\t\t\t\t\t\t<\/li>\n\t\t\t\t\t\t\t\t\t\t\t<li>\n\t\t\t\t\t\t\t<img data-id=\"2\" data-src=\"https:\/\/hypdata-immobilien.de\/site\/wp-content\/uploads\/2025\/07\/Eingangsbereich-Gebaeude-1-1024x734.jpg\" \n\t\t\t\t\t\t\t\t data-width=\"1024\" data-height=\"734\" \n\t\t\t\t\t\t\t\t src=\"https:\/\/hypdata-immobilien.de\/site\/wp-content\/uploads\/2025\/07\/Eingangsbereich-Gebaeude-1-1024x734.jpg\"> \n\t\t\t\t\t\t<\/li>\n\t\t\t\t\t\t\t\t\t\t\t<li>\n\t\t\t\t\t\t\t<img data-id=\"3\" data-src=\"https:\/\/hypdata-immobilien.de\/site\/wp-content\/uploads\/2025\/07\/Badezimmer-2-1-1024x752.jpg\" \n\t\t\t\t\t\t\t\t data-width=\"1024\" data-height=\"752\" \n\t\t\t\t\t\t\t\t src=\"https:\/\/hypdata-immobilien.de\/site\/wp-content\/uploads\/2025\/07\/Badezimmer-2-1-1024x752.jpg\"> \n\t\t\t\t\t\t<\/li>\n\t\t\t\t\t\t\t\t\t\t\t<li>\n\t\t\t\t\t\t\t<img data-id=\"4\" data-src=\"https:\/\/hypdata-immobilien.de\/site\/wp-content\/uploads\/2025\/07\/Badezimmer-1-1-873x1024.jpg\" \n\t\t\t\t\t\t\t\t data-width=\"873\" data-height=\"1024\" \n\t\t\t\t\t\t\t\t src=\"https:\/\/hypdata-immobilien.de\/site\/wp-content\/uploads\/2025\/07\/Badezimmer-1-1-873x1024.jpg\"> \n\t\t\t\t\t\t<\/li>\n\t\t\t\t\t\t\t\t\t\t\t<li>\n\t\t\t\t\t\t\t<img data-id=\"5\" data-src=\"https:\/\/hypdata-immobilien.de\/site\/wp-content\/uploads\/2025\/07\/Aussenansicht-West-1-1024x768.jpeg\" \n\t\t\t\t\t\t\t\t data-width=\"1024\" data-height=\"768\" \n\t\t\t\t\t\t\t\t src=\"https:\/\/hypdata-immobilien.de\/site\/wp-content\/uploads\/2025\/07\/Aussenansicht-West-1-1024x768.jpeg\"> \n\t\t\t\t\t\t<\/li>\n\t\t\t\t\t\t\t\t\t\t\t<li>\n\t\t\t\t\t\t\t<img data-id=\"6\" data-src=\"https:\/\/hypdata-immobilien.de\/site\/wp-content\/uploads\/2025\/07\/Ansicht-Kueche-1024x762.jpg\" \n\t\t\t\t\t\t\t\t data-width=\"1024\" data-height=\"762\" \n\t\t\t\t\t\t\t\t src=\"https:\/\/hypdata-immobilien.de\/site\/wp-content\/uploads\/2025\/07\/Ansicht-Kueche-1024x762.jpg\"> \n\t\t\t\t\t\t<\/li>\n\t\t\t\t\t\t\t\t\t\t\t<li>\n\t\t\t\t\t\t\t<img data-id=\"7\" data-src=\"https:\/\/hypdata-immobilien.de\/site\/wp-content\/uploads\/2025\/07\/Ansicht-Flur-Wohnbereich-Kueche-Essbereich-Schlafbereich-1-897x1024.jpg\" \n\t\t\t\t\t\t\t\t data-width=\"897\" data-height=\"1024\" \n\t\t\t\t\t\t\t\t src=\"https:\/\/hypdata-immobilien.de\/site\/wp-content\/uploads\/2025\/07\/Ansicht-Flur-Wohnbereich-Kueche-Essbereich-Schlafbereich-1-897x1024.jpg\"> \n\t\t\t\t\t\t<\/li>\n\t\t\t\t\t\t\t\t\t\t\t<li>\n\t\t\t\t\t\t\t<img data-id=\"8\" data-src=\"https:\/\/hypdata-immobilien.de\/site\/wp-content\/uploads\/2025\/07\/Aussenansicht-Ost-1024x768.jpeg\" \n\t\t\t\t\t\t\t\t data-width=\"1024\" data-height=\"768\" \n\t\t\t\t\t\t\t\t src=\"https:\/\/hypdata-immobilien.de\/site\/wp-content\/uploads\/2025\/07\/Aussenansicht-Ost-1024x768.jpeg\"> \n\t\t\t\t\t\t<\/li>\n\t\t\t\t\t\t\t\t\t\t\t<li>\n\t\t\t\t\t\t\t<img data-id=\"9\" data-src=\"https:\/\/hypdata-immobilien.de\/site\/wp-content\/uploads\/2025\/07\/Aussenansicht-NordWest-1-1024x768.jpeg\" \n\t\t\t\t\t\t\t\t data-width=\"1024\" data-height=\"768\" \n\t\t\t\t\t\t\t\t src=\"https:\/\/hypdata-immobilien.de\/site\/wp-content\/uploads\/2025\/07\/Aussenansicht-NordWest-1-1024x768.jpeg\"> \n\t\t\t\t\t\t<\/li>\n\t\t\t\t\t\t\t\t\t\t<\/ul>\n\t\t\t\t<\/div>\n\t\t\t\t\n\t\t\t\t<script>\n\t\t\t\t\tvar Options = {indicators: false};\n\t\t\t\t\t\t\t\t\t\tvar SlideElements = document.querySelectorAll('#S69f47d1d89a51, [data-id=S69f47d1d89a51]');\n\t\t\t\t\tM.Slider.init(SlideElements, Options);\n\t\t\t\t\tjQuery(\"[data-id=S69f47d1d89a51]\").css(\"display\", \"none\");\n\t\t\t\t\t\n\t\t\t\t<\/script>\t\t\t\n\t\t\t\t\n\t\t\t<\/div>\n\t\t\t<\/div><\/div><\/div><\/div><\/div><div id=\"panel-40-0-0-1\" class=\"so-panel widget widget_siteorigin-panels-builder\" data-index=\"1\" ><div id=\"pl-w671b894cdf483\"  class=\"panel-layout\" ><div id=\"pg-w671b894cdf483-0\"  class=\"panel-grid panel-no-style\" ><div id=\"pgc-w671b894cdf483-0-0\"  class=\"panel-grid-cell\" ><div id=\"panel-w671b894cdf483-0-0-0\" class=\"so-panel widget widget_text panel-first-child panel-last-child\" data-index=\"0\" ><h3 class=\"widget-title\">PARKPALAIS P\u00f6ttmes<\/h3>\t\t\t<div class=\"textwidget\"><div class=\"\" data-block=\"true\" data-editor=\"8gt9l\" data-offset-key=\"28ut8-0-0\">\n<div class=\"_1mf _1mj\" data-offset-key=\"28ut8-0-0\">\n<div class=\"\" data-block=\"true\" data-editor=\"8gt9l\" data-offset-key=\"28ut8-0-0\">\n<div class=\"_1mf _1mj\" data-offset-key=\"28ut8-0-0\">\n<div class=\"\" data-block=\"true\" data-editor=\"8gt9l\" data-offset-key=\"28ut8-0-0\">\n<div class=\"_1mf _1mj\" data-offset-key=\"28ut8-0-0\">\n<div class=\"x11i5rnm xat24cr x1mh8g0r x1vvkbs xdj266r x126k92a\">\n<div dir=\"auto\">\n<div class=\"\" data-block=\"true\" data-editor=\"8gt9l\" data-offset-key=\"28ut8-0-0\">\n<div class=\"_1mf _1mj\" data-offset-key=\"28ut8-0-0\">\n<div class=\"\" data-block=\"true\" data-editor=\"8gt9l\" data-offset-key=\"28ut8-0-0\">\n<div class=\"_1mf _1mj\" data-offset-key=\"28ut8-0-0\">\n<div class=\"\" data-block=\"true\" data-editor=\"8gt9l\" data-offset-key=\"28ut8-0-0\">\n<div class=\"_1mf _1mj\" data-offset-key=\"28ut8-0-0\">\n<div class=\"\" data-block=\"true\" data-editor=\"8gt9l\" data-offset-key=\"28ut8-0-0\">\n<div class=\"_1mf _1mj\" data-offset-key=\"28ut8-0-0\">\n<div class=\"xdj266r x11i5rnm xat24cr x1mh8g0r x1vvkbs x126k92a\">\n<div dir=\"auto\">\n<div class=\"\" data-block=\"true\" data-editor=\"8gt9l\" data-offset-key=\"28ut8-0-0\">\n<div class=\"_1mf _1mj\" data-offset-key=\"28ut8-0-0\">\n<div class=\"\" data-block=\"true\" data-editor=\"8gt9l\" data-offset-key=\"28ut8-0-0\">\n<div class=\"_1mf _1mj\" data-offset-key=\"28ut8-0-0\">\n<div class=\"\" data-block=\"true\" data-editor=\"8gt9l\" data-offset-key=\"28ut8-0-0\">\n<div class=\"_1mf _1mj\" data-offset-key=\"28ut8-0-0\">\n<div class=\"\" data-block=\"true\" data-editor=\"8gt9l\" data-offset-key=\"28ut8-0-0\">\n<div class=\"_1mf _1mj\" data-offset-key=\"28ut8-0-0\">\n<div class=\"xdj266r x11i5rnm xat24cr x1mh8g0r x1vvkbs x126k92a\">\n<div dir=\"auto\">\n<p>Freitag, den 25. Oktober, 14.04 Uhr<\/p>\n<p>Top News von unserem Stadthaus in P\u00f6ttmes. Fertigstellung!<\/p>\n<p>Ihr HYPDATA-Team w\u00fcnscht ein sch\u00f6nes Wochenende &amp; eine sch\u00f6ne Woche!<\/p>\n<\/div>\n<\/div>\n<\/div>\n<\/div>\n<\/div>\n<\/div>\n<\/div>\n<\/div>\n<\/div>\n<\/div>\n<\/div>\n<\/div>\n<\/div>\n<\/div>\n<\/div>\n<\/div>\n<\/div>\n<\/div>\n<\/div>\n<\/div>\n<\/div>\n<\/div>\n<\/div>\n<\/div>\n<\/div>\n<\/div>\n<\/div>\n<\/div>\n<\/div>\n\t\t<\/div><\/div><div id=\"pgc-w671b894cdf483-0-1\"  class=\"panel-grid-cell\" ><div id=\"panel-w671b894cdf483-0-1-0\" class=\"so-panel widget widget_dansnet-image panel-first-child panel-last-child\" data-index=\"1\" >\t\t\t<div class=\"dansnet-image-container\">\n\t\t\t\t\t\t\t\t\t<a data-action=\"open\" class=\"btn\">Galerie \u00f6ffnen<\/a>\n\t\t\t\t\t\t\t\t<div id=\"S69f47d1de1e56\" class=\"slider\">\n\t\t\t\t\t<ul class=\"slides\">\n\t\t\t\t\t\t\t\t\t\t\t<li>\n\t\t\t\t\t\t\t<img data-id=\"0\" data-src=\"https:\/\/hypdata-immobilien.de\/site\/wp-content\/uploads\/2024\/10\/WhatsApp-Image-2024-10-25-at-13.52.24-5-1024x768.jpeg\" \n\t\t\t\t\t\t\t\t data-width=\"1024\" data-height=\"768\" \n\t\t\t\t\t\t\t\t src=\"https:\/\/hypdata-immobilien.de\/site\/wp-content\/uploads\/2024\/10\/WhatsApp-Image-2024-10-25-at-13.52.24-5-1024x768.jpeg\"> \n\t\t\t\t\t\t<\/li>\n\t\t\t\t\t\t\t\t\t\t\t<li>\n\t\t\t\t\t\t\t<img data-id=\"1\" data-src=\"https:\/\/hypdata-immobilien.de\/site\/wp-content\/uploads\/2024\/10\/WhatsApp-Image-2024-10-25-at-13.52.24-4-1024x768.jpeg\" \n\t\t\t\t\t\t\t\t data-width=\"1024\" data-height=\"768\" \n\t\t\t\t\t\t\t\t src=\"https:\/\/hypdata-immobilien.de\/site\/wp-content\/uploads\/2024\/10\/WhatsApp-Image-2024-10-25-at-13.52.24-4-1024x768.jpeg\"> \n\t\t\t\t\t\t<\/li>\n\t\t\t\t\t\t\t\t\t\t\t<li>\n\t\t\t\t\t\t\t<img data-id=\"2\" data-src=\"https:\/\/hypdata-immobilien.de\/site\/wp-content\/uploads\/2024\/10\/WhatsApp-Image-2024-10-25-at-13.52.24-3-1024x768.jpeg\" \n\t\t\t\t\t\t\t\t data-width=\"1024\" data-height=\"768\" \n\t\t\t\t\t\t\t\t src=\"https:\/\/hypdata-immobilien.de\/site\/wp-content\/uploads\/2024\/10\/WhatsApp-Image-2024-10-25-at-13.52.24-3-1024x768.jpeg\"> \n\t\t\t\t\t\t<\/li>\n\t\t\t\t\t\t\t\t\t\t\t<li>\n\t\t\t\t\t\t\t<img data-id=\"3\" data-src=\"https:\/\/hypdata-immobilien.de\/site\/wp-content\/uploads\/2024\/10\/WhatsApp-Image-2024-10-25-at-13.52.24-2-1024x768.jpeg\" \n\t\t\t\t\t\t\t\t data-width=\"1024\" data-height=\"768\" \n\t\t\t\t\t\t\t\t src=\"https:\/\/hypdata-immobilien.de\/site\/wp-content\/uploads\/2024\/10\/WhatsApp-Image-2024-10-25-at-13.52.24-2-1024x768.jpeg\"> \n\t\t\t\t\t\t<\/li>\n\t\t\t\t\t\t\t\t\t\t\t<li>\n\t\t\t\t\t\t\t<img data-id=\"4\" data-src=\"https:\/\/hypdata-immobilien.de\/site\/wp-content\/uploads\/2024\/10\/WhatsApp-Image-2024-10-25-at-13.52.24-1-1024x768.jpeg\" \n\t\t\t\t\t\t\t\t data-width=\"1024\" data-height=\"768\" \n\t\t\t\t\t\t\t\t src=\"https:\/\/hypdata-immobilien.de\/site\/wp-content\/uploads\/2024\/10\/WhatsApp-Image-2024-10-25-at-13.52.24-1-1024x768.jpeg\"> \n\t\t\t\t\t\t<\/li>\n\t\t\t\t\t\t\t\t\t\t\t<li>\n\t\t\t\t\t\t\t<img data-id=\"5\" data-src=\"https:\/\/hypdata-immobilien.de\/site\/wp-content\/uploads\/2024\/10\/WhatsApp-Image-2024-10-25-at-13.52.24-1024x768.jpeg\" \n\t\t\t\t\t\t\t\t data-width=\"1024\" data-height=\"768\" \n\t\t\t\t\t\t\t\t src=\"https:\/\/hypdata-immobilien.de\/site\/wp-content\/uploads\/2024\/10\/WhatsApp-Image-2024-10-25-at-13.52.24-1024x768.jpeg\"> \n\t\t\t\t\t\t<\/li>\n\t\t\t\t\t\t\t\t\t\t\t<li>\n\t\t\t\t\t\t\t<img data-id=\"6\" data-src=\"https:\/\/hypdata-immobilien.de\/site\/wp-content\/uploads\/2024\/10\/WhatsApp-Image-2024-10-25-at-13.52.24-6-1024x768.jpeg\" \n\t\t\t\t\t\t\t\t data-width=\"1024\" data-height=\"768\" \n\t\t\t\t\t\t\t\t src=\"https:\/\/hypdata-immobilien.de\/site\/wp-content\/uploads\/2024\/10\/WhatsApp-Image-2024-10-25-at-13.52.24-6-1024x768.jpeg\"> \n\t\t\t\t\t\t<\/li>\n\t\t\t\t\t\t\t\t\t\t<\/ul>\n\t\t\t\t<\/div>\n\t\t\t\t\n\t\t\t\t<script>\n\t\t\t\t\tvar Options = {indicators: false};\n\t\t\t\t\t\t\t\t\t\tvar SlideElements = document.querySelectorAll('#S69f47d1de1e56, [data-id=S69f47d1de1e56]');\n\t\t\t\t\tM.Slider.init(SlideElements, Options);\n\t\t\t\t\tjQuery(\"[data-id=S69f47d1de1e56]\").css(\"display\", \"none\");\n\t\t\t\t\t\n\t\t\t\t<\/script>\t\t\t\n\t\t\t\t\n\t\t\t<\/div>\n\t\t\t<\/div><\/div><\/div><\/div><\/div><div id=\"panel-40-0-0-2\" class=\"so-panel widget widget_siteorigin-panels-builder panel-last-child\" data-index=\"2\" ><div id=\"pl-w6250389823b80\"  class=\"panel-layout\" ><div id=\"pg-w6250389823b80-0\"  class=\"panel-grid panel-no-style\" ><div id=\"pgc-w6250389823b80-0-0\"  class=\"panel-grid-cell\" ><div id=\"panel-w6250389823b80-0-0-0\" class=\"so-panel widget widget_text panel-first-child panel-last-child\" data-index=\"0\" ><h3 class=\"widget-title\">NEWS!<\/h3>\t\t\t<div class=\"textwidget\"><div class=\"\" data-block=\"true\" data-editor=\"8gt9l\" data-offset-key=\"28ut8-0-0\">\n<div class=\"_1mf _1mj\" data-offset-key=\"28ut8-0-0\">\n<div class=\"\" data-block=\"true\" data-editor=\"8gt9l\" data-offset-key=\"28ut8-0-0\">\n<div class=\"_1mf _1mj\" data-offset-key=\"28ut8-0-0\"><span data-offset-key=\"28ut8-0-0\">Freitag, den 08. April 2022 um 15.30 Uhr.<\/span><\/div>\n<div data-offset-key=\"28ut8-0-0\"><\/div>\n<\/div>\n<div class=\"\" data-block=\"true\" data-editor=\"8gt9l\" data-offset-key=\"9o4h7-0-0\">\n<div data-offset-key=\"9o4h7-0-0\">Ihre HYPDATA jetzt auch mit exklusivem Musterbad im Badcenter Richter &amp; Frenzel in Augsburg.<\/div>\n<\/div>\n<div data-offset-key=\"9o4h7-0-0\"><\/div>\n<div data-offset-key=\"9o4h7-0-0\">Ihr HYPDATA-Team w\u00fcnscht ein sch\u00f6nes Wochenende!<\/div>\n<\/div>\n<\/div>\n<\/div>\n\t\t<\/div><\/div><div id=\"pgc-w6250389823b80-0-1\"  class=\"panel-grid-cell\" ><div id=\"panel-w6250389823b80-0-1-0\" class=\"so-panel widget widget_dansnet-image panel-first-child panel-last-child\" data-index=\"1\" >\t\t\t<div class=\"dansnet-image-container\">\n\t\t\t\t\t\t\t\t\t<a data-action=\"open\" class=\"btn\">Galerie \u00f6ffnen<\/a>\n\t\t\t\t\t\t\t\t<div id=\"S69f47d1e291d2\" class=\"slider\">\n\t\t\t\t\t<ul class=\"slides\">\n\t\t\t\t\t\t\t\t\t\t\t<li>\n\t\t\t\t\t\t\t<img data-id=\"0\" data-src=\"https:\/\/hypdata-immobilien.de\/site\/wp-content\/uploads\/2022\/04\/d4ca5283-6e93-46c7-8540-2225e4c2e16e-768x1024.jpg\" \n\t\t\t\t\t\t\t\t data-width=\"768\" data-height=\"1024\" \n\t\t\t\t\t\t\t\t src=\"https:\/\/hypdata-immobilien.de\/site\/wp-content\/uploads\/2022\/04\/d4ca5283-6e93-46c7-8540-2225e4c2e16e-768x1024.jpg\"> \n\t\t\t\t\t\t<\/li>\n\t\t\t\t\t\t\t\t\t\t\t<li>\n\t\t\t\t\t\t\t<img data-id=\"1\" data-src=\"https:\/\/hypdata-immobilien.de\/site\/wp-content\/uploads\/2022\/04\/350d1781-cf8e-4c85-a76d-d320c787fd5c-768x1024.jpg\" \n\t\t\t\t\t\t\t\t data-width=\"768\" data-height=\"1024\" \n\t\t\t\t\t\t\t\t src=\"https:\/\/hypdata-immobilien.de\/site\/wp-content\/uploads\/2022\/04\/350d1781-cf8e-4c85-a76d-d320c787fd5c-768x1024.jpg\"> \n\t\t\t\t\t\t<\/li>\n\t\t\t\t\t\t\t\t\t\t<\/ul>\n\t\t\t\t<\/div>\n\t\t\t\t\n\t\t\t\t<script>\n\t\t\t\t\tvar Options = {indicators: false};\n\t\t\t\t\t\t\t\t\t\tvar SlideElements = document.querySelectorAll('#S69f47d1e291d2, [data-id=S69f47d1e291d2]');\n\t\t\t\t\tM.Slider.init(SlideElements, Options);\n\t\t\t\t\tjQuery(\"[data-id=S69f47d1e291d2]\").css(\"display\", \"none\");\n\t\t\t\t\t\n\t\t\t\t<\/script>\t\t\t\n\t\t\t\t\n\t\t\t<\/div>\n\t\t\t<\/div><\/div><\/div><\/div><\/div><\/div><\/div><div id=\"pg-40-1\"  class=\"panel-grid panel-no-style\" ><div id=\"pgc-40-1-0\"  class=\"panel-grid-cell\" ><div id=\"panel-40-1-0-0\" class=\"so-panel widget widget_siteorigin-panels-builder panel-first-child panel-last-child\" data-index=\"3\" ><div id=\"pl-w629efec97c70f\"  class=\"panel-layout\" ><div id=\"pg-w629efec97c70f-0\"  class=\"panel-grid panel-no-style\" ><div id=\"pgc-w629efec97c70f-0-0\"  class=\"panel-grid-cell\" ><div id=\"panel-w629efec97c70f-0-0-0\" class=\"so-panel widget widget_sow-editor panel-first-child panel-last-child\" data-index=\"0\" ><div class=\"so-widget-sow-editor so-widget-sow-editor-base\"><h3 class=\"widget-title\">Aktuelle Projekte<\/h3>\n<div class=\"siteorigin-widget-tinymce textwidget\">\n\t<\/div>\n<\/div><\/div><\/div><\/div><div id=\"pg-w629efec97c70f-1\"  class=\"panel-grid panel-no-style\" ><div id=\"pgc-w629efec97c70f-1-0\"  class=\"panel-grid-cell\" ><div id=\"panel-w629efec97c70f-1-0-0\" class=\"so-panel widget widget_dansnet-project panel-first-child panel-last-child\" data-index=\"1\" >\t\t\t<div class=\"dansnet-project\">\n\t\t\t\t\n\t\t\t\t<!--<h4>AUGUSTA STUDIOS<\/h4>\n\t\t\t\t\n\t\t\t\t<div class=\"image-container\" style=\"background-image: url('https:\/\/hypdata-immobilien.de\/site\/wp-content\/uploads\/2022\/06\/Slice-7.png')\"><\/div>\n\t\t\t\t\t\t\t\t\n\t\t\t\t<div class=\"row buttons\">\n\t\t\t\t\t\t\t\t\t<div class=\"col s6 left\">\n\t\t\t\t\t\t<a class=\"waves-effect waves-light btn blue darken-4\" href=\"https:\/\/hypdata-immobilien.de\/site\/2022\/06\/07\/augusta-studios\/\">Details<\/a>\n\t\t\t\t\t<\/div>\n\t\t\t\t\t\t\t\t\t\t\t\t\t<div class=\"col s6 right\">\n\t\t\t\t\t\t<a class=\"waves-effect waves-light btn blue darken-4\" href=\"https:\/\/hypdata-immobilien.de\/site\/kontakt\/?message=Bitte+senden+Sie+mir+kostenlos+und+unverbindlich+Informationen+bez%C3%BCglich+%E2%80%9EAUGUSTA+STUDIOS%22%2C+Bl%C3%BCcherstra%C3%9Fe+119%2C+86165+Augsburg+zu.\">Expose<\/a>\n\t\t\t\t\t<\/div>\n\t\t\t\t\t\t\t\t<\/div>-->\n\t\t\t\t\n\t\t\t\t<div class=\"row\">\n\t\t\t\t\t<div class=\"col s12\">\n\t\t\t\t\t\t<div class=\"card\">\n\t\t\t\t\t\t\t<div class=\"card-image\">\n\t\t\t\t\t\t\t\t<img src=\"https:\/\/hypdata-immobilien.de\/site\/wp-content\/uploads\/2022\/06\/Slice-7.png\">\n\t\t\t\t\t\t\t<\/div>\n\t\t\t\t\t\t\t<div class=\"card-content\">\n\t\t\t\t\t\t\t\t<h4>\n\t\t\t\t\t\t\t\t\tAUGUSTA STUDIOS\t\t\t\t\t\t\t\t<\/h4>\n\t\t\t\t\t\t\t\t<p>\n\t\t\t\t\t\t\t\t\tHighlights:<ul class=\"collection\"><li class=\"collection-item\">Schwellenfreie Lifestyle Apartments<\/li><li class=\"collection-item\">Aufzug<\/li><li class=\"collection-item\">Tiefgarage<\/li><li class=\"collection-item\">Dreifach-Verglasung<\/li><li class=\"collection-item\">Fu\u00dfbodenheizung<\/li><li class=\"collection-item\">Videogegensprechanlage<\/li><li class=\"collection-item\">Exklusive Badausstattung<\/li><li class=\"collection-item\">gem\u00fctliche Balkone und Terrassen<\/li><li class=\"collection-item\">elektrische Rolll\u00e4den<\/li><li class=\"collection-item\">Wonhrauml\u00fcftung<\/li><\/ul>\t\t\t\t\t\t\t\t<\/p>\n\t\t\t\t\t\t\t<\/div>\n\t\t\t\t\t\t\t\t\t\t\t\t\t\t<div class=\"card-action\">\n\t\t\t\t\t\t\t\t\t\t\t\t\t\t\t\t\t<a class=\"btn\" href=\"https:\/\/hypdata-immobilien.de\/site\/2022\/06\/07\/augusta-studios\/\">Details<\/a>\n\t\t\t\t\t\t\t\t\t\t\t\t\t\t\t\t\t\t\t\t\t\t\t\t\t<a class=\"btn\" href=\"https:\/\/hypdata-immobilien.de\/site\/kontakt\/?message=Bitte+senden+Sie+mir+kostenlos+und+unverbindlich+Informationen+bez%C3%BCglich+%E2%80%9EAUGUSTA+STUDIOS%22%2C+Bl%C3%BCcherstra%C3%9Fe+119%2C+86165+Augsburg+zu.\">Expose<\/a>\n\t\t\t\t\t\t\t\t\t\t\t\t\t\t\t<\/div>\n\t\t\t\t\t\t\t\t\t\t\t\t\t<\/div>\n\t\t\t\t\t<\/div>\n\t\t\t\t<\/div>\n\t\t\t\t\n\t\t\t<\/div>\n\t\t<\/div><\/div><div id=\"pgc-w629efec97c70f-1-1\"  class=\"panel-grid-cell\" ><div id=\"panel-w629efec97c70f-1-1-0\" class=\"so-panel widget widget_dansnet-project panel-first-child panel-last-child\" data-index=\"2\" >\t\t\t<div class=\"dansnet-project\">\n\t\t\t\t\n\t\t\t\t<!--<h4>PARKPALAIS P\u00f6ttmes<\/h4>\n\t\t\t\t\n\t\t\t\t<div class=\"image-container\" style=\"background-image: url('https:\/\/hypdata-immobilien.de\/site\/wp-content\/uploads\/2020\/01\/bild1.jpg')\"><\/div>\n\t\t\t\t\t\t\t\t\n\t\t\t\t<div class=\"row buttons\">\n\t\t\t\t\t\t\t\t\t<div class=\"col s6 left\">\n\t\t\t\t\t\t<a class=\"waves-effect waves-light btn blue darken-4\" href=\"https:\/\/hypdata-immobilien.de\/site\/2020\/01\/27\/parkpalais-poettmes\/\">Details<\/a>\n\t\t\t\t\t<\/div>\n\t\t\t\t\t\t\t\t\t\t\t\t\t<div class=\"col s6 right\">\n\t\t\t\t\t\t<a class=\"waves-effect waves-light btn blue darken-4\" href=\"https:\/\/hypdata-immobilien.de\/site\/kontakt\/?message=Bitte+senden+Sie+mir+kostenlos+und+unverbindlich+Informationen+bez%C3%BCglich+%E2%80%9EPARKPALAIS+P%C3%B6ttmes%22%2C+Erdweg+2%2B4%2C+86554+P%C3%B6ttmes+zu.\">Expose<\/a>\n\t\t\t\t\t<\/div>\n\t\t\t\t\t\t\t\t<\/div>-->\n\t\t\t\t\n\t\t\t\t<div class=\"row\">\n\t\t\t\t\t<div class=\"col s12\">\n\t\t\t\t\t\t<div class=\"card\">\n\t\t\t\t\t\t\t<div class=\"card-image\">\n\t\t\t\t\t\t\t\t<img src=\"https:\/\/hypdata-immobilien.de\/site\/wp-content\/uploads\/2020\/01\/bild1.jpg\">\n\t\t\t\t\t\t\t<\/div>\n\t\t\t\t\t\t\t<div class=\"card-content\">\n\t\t\t\t\t\t\t\t<h4>\n\t\t\t\t\t\t\t\t\tPARKPALAIS P\u00f6ttmes\t\t\t\t\t\t\t\t<\/h4>\n\t\t\t\t\t\t\t\t<p>\n\t\t\t\t\t\t\t\t\tHighlights:<ul class=\"collection\"><li class=\"collection-item\">Schwellenfreie 2 und 3-Zimmer-Wohnungen, ein Stadthaus und ein B\u00fcrogeb\u00e4ude<\/li><li class=\"collection-item\">KfW-Effizienzhaus 55<\/li><li class=\"collection-item\">Aufzug<\/li><li class=\"collection-item\">Gro\u00dfz\u00fcgige Balkone und Terrassen<\/li><li class=\"collection-item\">Dreifach-Verglasung<\/li><li class=\"collection-item\">Videogegensprechanlage mit Farbdisplay<\/li><li class=\"collection-item\">Exklusive Badausstattung mit bodentiefen Duschwannen<\/li><li class=\"collection-item\">Fernw\u00e4rmeheizung<\/li><\/ul>\t\t\t\t\t\t\t\t<\/p>\n\t\t\t\t\t\t\t<\/div>\n\t\t\t\t\t\t\t\t\t\t\t\t\t\t<div class=\"card-action\">\n\t\t\t\t\t\t\t\t\t\t\t\t\t\t\t\t\t<a class=\"btn\" href=\"https:\/\/hypdata-immobilien.de\/site\/2020\/01\/27\/parkpalais-poettmes\/\">Details<\/a>\n\t\t\t\t\t\t\t\t\t\t\t\t\t\t\t\t\t\t\t\t\t\t\t\t\t<a class=\"btn\" href=\"https:\/\/hypdata-immobilien.de\/site\/kontakt\/?message=Bitte+senden+Sie+mir+kostenlos+und+unverbindlich+Informationen+bez%C3%BCglich+%E2%80%9EPARKPALAIS+P%C3%B6ttmes%22%2C+Erdweg+2%2B4%2C+86554+P%C3%B6ttmes+zu.\">Expose<\/a>\n\t\t\t\t\t\t\t\t\t\t\t\t\t\t\t<\/div>\n\t\t\t\t\t\t\t\t\t\t\t\t\t<\/div>\n\t\t\t\t\t<\/div>\n\t\t\t\t<\/div>\n\t\t\t\t\n\t\t\t<\/div>\n\t\t<\/div><\/div><\/div><\/div><\/div><\/div><\/div><div id=\"pg-40-2\"  class=\"panel-grid panel-no-style\" ><div id=\"pgc-40-2-0\"  class=\"panel-grid-cell\" ><div id=\"panel-40-2-0-0\" class=\"so-panel widget widget_sow-editor panel-first-child panel-last-child\" data-index=\"4\" ><div class=\"so-widget-sow-editor so-widget-sow-editor-base\"><h3 class=\"widget-title\">Wer sind wir?<\/h3>\n<div class=\"siteorigin-widget-tinymce textwidget\">\n\t<p>Profitieren Sie als Eigennutzer oder Kapitalanleger vom Wissen erfahrener Spezialisten rund um die Immobilie!<\/p>\n<p>Unser gesch\u00e4ftlicher Schwerpunkt liegt in der Projektierung und Verwirklichung exklusiver sowie stilvoller Bautr\u00e4gerprojekte in der Region Augsburg. Dar\u00fcber hinaus sind wir der richtige Partner bei Investitionsvorhaben von Firmenkunden (z.B. Bautr\u00e4gern) als auch bei der ma\u00dfgeschneiderten Immobilienfinanzierung f\u00fcr Ihre Wunschimmobilie \u2014 wir begleiten Sie schnell und professionell.<\/p>\n<p>Mit der HYPDATA Immobilien GmbH wird es Ihnen erm\u00f6glicht, den Traum vom Eigenheim oder der Immobilie als Kapitalanlage unter optimalen Gegebenheiten zu verwirklichen.<\/p>\n<p>Eine Auswahl aktueller und exklusiver Immobilien finden Sie nachfolgend. Nehmen Sie mit uns kostenlos und unverbindlich Erstkontakt auf. Wir freuen uns auf Ihren Anruf!<\/p>\n<\/div>\n<\/div><\/div><\/div><\/div><\/div>","protected":false},"excerpt":{"rendered":"<p>AUGUSTA STUDIOS Freitag, den 11. Juli, 09.50 Uhr Hier ein paar Impressionen aus unseren fertiggestellten AUGUSTA STUDIOS. Ihr HYPDATA-Team w\u00fcnscht ein sch\u00f6nes Wochenende! Galerie \u00f6ffnen PARKPALAIS P\u00f6ttmes Freitag, den 25. Oktober, 14.04 Uhr Top News von unserem Stadthaus in P\u00f6ttmes. Fertigstellung! Ihr HYPDATA-Team w\u00fcnscht ein sch\u00f6nes Wochenende &amp; eine sch\u00f6ne Woche! Galerie \u00f6ffnen NEWS! Freitag, [&hellip;]<\/p>\n","protected":false},"author":1,"featured_media":0,"parent":0,"menu_order":0,"comment_status":"closed","ping_status":"closed","template":"","meta":[],"_links":{"self":[{"href":"https:\/\/hypdata-immobilien.de\/site\/wp-json\/wp\/v2\/pages\/40"}],"collection":[{"href":"https:\/\/hypdata-immobilien.de\/site\/wp-json\/wp\/v2\/pages"}],"about":[{"href":"https:\/\/hypdata-immobilien.de\/site\/wp-json\/wp\/v2\/types\/page"}],"author":[{"embeddable":true,"href":"https:\/\/hypdata-immobilien.de\/site\/wp-json\/wp\/v2\/users\/1"}],"replies":[{"embeddable":true,"href":"https:\/\/hypdata-immobilien.de\/site\/wp-json\/wp\/v2\/comments?post=40"}],"version-history":[{"count":888,"href":"https:\/\/hypdata-immobilien.de\/site\/wp-json\/wp\/v2\/pages\/40\/revisions"}],"predecessor-version":[{"id":3505,"href":"https:\/\/hypdata-immobilien.de\/site\/wp-json\/wp\/v2\/pages\/40\/revisions\/3505"}],"wp:attachment":[{"href":"https:\/\/hypdata-immobilien.de\/site\/wp-json\/wp\/v2\/media?parent=40"}],"curies":[{"name":"wp","href":"https:\/\/api.w.org\/{rel}","templated":true}]}}