{"id":36,"date":"2018-06-07T11:37:03","date_gmt":"2018-06-07T09:37:03","guid":{"rendered":"http:\/\/wordpress.hypdata-hypothekenleitstelle.de\/?page_id=36"},"modified":"2020-12-09T14:06:32","modified_gmt":"2020-12-09T13:06:32","slug":"impressum","status":"publish","type":"page","link":"https:\/\/hypdata-immobilien.de\/site\/impressum\/","title":{"rendered":"Impressum"},"content":{"rendered":"<p>Unsere Anschrift:<\/p>\n<p>HYPDATA Immobilien GmbH<br \/>\nNeuburger Stra\u00dfe 43<\/p>\n<p>86167 Augsburg<\/p>\n<p>Tel: 0821 650 722 -0<br \/>\nFax:0821 650 722 -28<br \/>\nE-Mail:info@hypdata.de<\/p>\n<p>Gesch\u00e4ftsf\u00fchrer: J\u00fcrgen Reitmeier<br \/>\nRegistergericht: Amtsgericht Augsburg<br \/>\nRegisternummer: HRB 26911<br \/>\nUSt.-Identifikationsnummer gem\u00e4\u00df \u00a727a Umsatzsteuergesetz: DE282811195<br \/>\nAufsichts-\/Genehmigungsbeh\u00f6rde gem\u00e4\u00df \u00a734 c GewO: IHK f\u00fcr M\u00fcnchen und Oberbayern, Max-Joseph-Stra\u00dfe 2, 80333 M\u00fcnchen<\/p>\n<p>Datenschutzhinweis:<\/p>\n<p>Alle Angaben werden ausschlie\u00dflich an den Immobilienanbieter weitergeleitet \u2013 entsprechend den gesetzlichen Datenschutzbestimmungen. Ihre Angaben werden nicht verkauft oder unbefugt an Dritte weitergegeben. Irrtum und alle Rechte vorbehalten<\/p>\n<p>Bildnachweise:<\/p>\n<p>\u00a9 Keith Young \/ Fotolia.com<br \/>\n\u00a9 Sikov \/ Fotolia.com<br \/>\n\u00a9 DragonImages \/ Fotolia.com<br \/>\n\u00a9 psdesign1 \/ Fotolia.com<br \/>\n\u00a9 AndreyPopov \/ Fotolia.com<br \/>\n\u00a9 Gajus \/ Fotolia.com<br \/>\n\u00a9 Stockwerk-Fotodesign \/ Fotolia.com<br \/>\n\u00a9 Iurii Sokolov \/ Fotolia.com<br \/>\n\u00a9 maxsim \/ Fotolia.com<br \/>\n\u00a9 exclusive-design \/ Fotolia.com<br \/>\n\u00a9 momius \/ Fotolia.com<br \/>\n\u00a9 Alexander Raths \/ Fotolia.com<br \/>\n\u00a9 Soonthorn \/ Fotolia.com<br \/>\n\u00a9 wladimir1804 \/ Fotolia.com<br \/>\n\u00a9 designer491 \/ Fotolia.com<\/p>\n","protected":false},"excerpt":{"rendered":"<p>Unsere Anschrift: HYPDATA Immobilien GmbH Neuburger Stra\u00dfe 43 86167 Augsburg Tel: 0821 650 722 -0 Fax:0821 650 722 -28 E-Mail:info@hypdata.de Gesch\u00e4ftsf\u00fchrer: J\u00fcrgen Reitmeier Registergericht: Amtsgericht Augsburg Registernummer: HRB 26911 USt.-Identifikationsnummer gem\u00e4\u00df \u00a727a Umsatzsteuergesetz: DE282811195 Aufsichts-\/Genehmigungsbeh\u00f6rde gem\u00e4\u00df \u00a734 c GewO: IHK f\u00fcr M\u00fcnchen und Oberbayern, Max-Joseph-Stra\u00dfe 2, 80333 M\u00fcnchen Datenschutzhinweis: Alle Angaben werden ausschlie\u00dflich an den [&hellip;]<\/p>\n","protected":false},"author":1,"featured_media":0,"parent":0,"menu_order":0,"comment_status":"closed","ping_status":"closed","template":"","meta":[],"_links":{"self":[{"href":"https:\/\/hypdata-immobilien.de\/site\/wp-json\/wp\/v2\/pages\/36"}],"collection":[{"href":"https:\/\/hypdata-immobilien.de\/site\/wp-json\/wp\/v2\/pages"}],"about":[{"href":"https:\/\/hypdata-immobilien.de\/site\/wp-json\/wp\/v2\/types\/page"}],"author":[{"embeddable":true,"href":"https:\/\/hypdata-immobilien.de\/site\/wp-json\/wp\/v2\/users\/1"}],"replies":[{"embeddable":true,"href":"https:\/\/hypdata-immobilien.de\/site\/wp-json\/wp\/v2\/comments?post=36"}],"version-history":[{"count":10,"href":"https:\/\/hypdata-immobilien.de\/site\/wp-json\/wp\/v2\/pages\/36\/revisions"}],"predecessor-version":[{"id":2203,"href":"https:\/\/hypdata-immobilien.de\/site\/wp-json\/wp\/v2\/pages\/36\/revisions\/2203"}],"wp:attachment":[{"href":"https:\/\/hypdata-immobilien.de\/site\/wp-json\/wp\/v2\/media?parent=36"}],"curies":[{"name":"wp","href":"https:\/\/api.w.org\/{rel}","templated":true}]}}