{"id":20,"date":"2018-06-07T11:35:26","date_gmt":"2018-06-07T09:35:26","guid":{"rendered":"http:\/\/wordpress.hypdata-hypothekenleitstelle.de\/?page_id=20"},"modified":"2018-07-20T13:04:54","modified_gmt":"2018-07-20T11:04:54","slug":"finanzierungsservice","status":"publish","type":"page","link":"https:\/\/hypdata-immobilien.de\/site\/finanzierungsservice\/","title":{"rendered":"Finanzierungsservice"},"content":{"rendered":"<div id=\"pl-20\"  class=\"panel-layout\" ><div id=\"pg-20-0\"  class=\"panel-grid panel-no-style\" ><div id=\"pgc-20-0-0\"  class=\"panel-grid-cell\" ><div id=\"panel-20-0-0-0\" class=\"so-panel widget widget_dansnet-image panel-first-child panel-last-child\" data-index=\"0\" >\t\t\t<div class=\"dansnet-image-container\">\n\t\t\t\t\t\t\t\t<div id=\"S69e464ee8eb79\" class=\"slider\">\n\t\t\t\t\t<ul class=\"slides\">\n\t\t\t\t\t\t\t\t\t\t\t<li>\n\t\t\t\t\t\t\t<img data-id=\"0\" data-src=\"https:\/\/hypdata-immobilien.de\/site\/wp-content\/uploads\/Finanzierung\/Immobilienfinanzierung.jpg\" \n\t\t\t\t\t\t\t\t data-width=\"421\" data-height=\"285\" \n\t\t\t\t\t\t\t\t src=\"https:\/\/hypdata-immobilien.de\/site\/wp-content\/uploads\/Finanzierung\/Immobilienfinanzierung.jpg\"> \n\t\t\t\t\t\t<\/li>\n\t\t\t\t\t\t\t\t\t\t<\/ul>\n\t\t\t\t<\/div>\n\t\t\t\t\n\t\t\t\t<script>\n\t\t\t\t\tvar Options = {indicators: false};\n\t\t\t\t\t\t\t\t\t\t\tOptions = {\n\t\t\t\t\t\t\tindicators: false\n\t\t\t\t\t\t};\n\t\t\t\t\t\t\t\t\t\tvar SlideElements = document.querySelectorAll('#S69e464ee8eb79, [data-id=S69e464ee8eb79]');\n\t\t\t\t\tM.Slider.init(SlideElements, Options);\n\t\t\t\t\tjQuery(\"[data-id=S69e464ee8eb79]\").css(\"display\", \"none\");\n\t\t\t\t\t\n\t\t\t\t<\/script>\t\t\t\n\t\t\t\t\n\t\t\t<\/div>\n\t\t\t<\/div><\/div><div id=\"pgc-20-0-1\"  class=\"panel-grid-cell\" ><div id=\"panel-20-0-1-0\" class=\"so-panel widget widget_sow-editor panel-first-child panel-last-child\" data-index=\"1\" ><div class=\"so-widget-sow-editor so-widget-sow-editor-base\"><h3 class=\"widget-title\">Immobilien-\/Beteiligungsfinanzierung<\/h3>\n<div class=\"siteorigin-widget-tinymce textwidget\">\n\t<p>Gerade etwa beim Kauf eines selbstgenutzten Einfamilienhauses, dem Kauf einer fremdgenutzten Immobilie zur sp\u00e4teren Altersvorsorge oder zur Optimierung des Einkommens unter steuerlichen Aspekten gibt es deutliche Unterschiede \u2013 sowohl in den Finanzierungsformen wie auch in den Konditionen der einzelnen Finanzierungsgeber.<\/p>\n<\/div>\n<\/div><\/div><\/div><\/div><div id=\"pg-20-1\"  class=\"panel-grid panel-no-style\" ><div id=\"pgc-20-1-0\"  class=\"panel-grid-cell\" ><div id=\"panel-20-1-0-0\" class=\"so-panel widget widget_sow-editor panel-first-child panel-last-child\" data-index=\"2\" ><div class=\"so-widget-sow-editor so-widget-sow-editor-base\"><h3 class=\"widget-title\">\u00d6ffentliche F\u00f6rdermittel\/Zinsverbilligte Darlehen<\/h3>\n<div class=\"siteorigin-widget-tinymce textwidget\">\n\t<p>Jede eingereichte Finanzierung wird von uns automatisch auf die M\u00f6glichkeiten \u00f6ffentlicher F\u00f6rdermittel und zinsverbilligter Darlehen gepr\u00fcft.<\/p>\n<\/div>\n<\/div><\/div><\/div><div id=\"pgc-20-1-1\"  class=\"panel-grid-cell\" ><div id=\"panel-20-1-1-0\" class=\"so-panel widget widget_dansnet-image panel-first-child panel-last-child\" data-index=\"3\" >\t\t\t<div class=\"dansnet-image-container\">\n\t\t\t\t\t\t\t\t<div id=\"S69e464ee953f4\" class=\"slider\">\n\t\t\t\t\t<ul class=\"slides\">\n\t\t\t\t\t\t\t\t\t\t\t<li>\n\t\t\t\t\t\t\t<img data-id=\"0\" data-src=\"https:\/\/hypdata-immobilien.de\/site\/wp-content\/uploads\/Finanzierung\/F\u00f6rderungen.jpg\" \n\t\t\t\t\t\t\t\t data-width=\"410\" data-height=\"293\" \n\t\t\t\t\t\t\t\t src=\"https:\/\/hypdata-immobilien.de\/site\/wp-content\/uploads\/Finanzierung\/F\u00f6rderungen.jpg\"> \n\t\t\t\t\t\t<\/li>\n\t\t\t\t\t\t\t\t\t\t<\/ul>\n\t\t\t\t<\/div>\n\t\t\t\t\n\t\t\t\t<script>\n\t\t\t\t\tvar Options = {indicators: false};\n\t\t\t\t\t\t\t\t\t\t\tOptions = {\n\t\t\t\t\t\t\tindicators: false\n\t\t\t\t\t\t};\n\t\t\t\t\t\t\t\t\t\tvar SlideElements = document.querySelectorAll('#S69e464ee953f4, [data-id=S69e464ee953f4]');\n\t\t\t\t\tM.Slider.init(SlideElements, Options);\n\t\t\t\t\tjQuery(\"[data-id=S69e464ee953f4]\").css(\"display\", \"none\");\n\t\t\t\t\t\n\t\t\t\t<\/script>\t\t\t\n\t\t\t\t\n\t\t\t<\/div>\n\t\t\t<\/div><\/div><\/div><div id=\"pg-20-2\"  class=\"panel-grid panel-no-style\" ><div id=\"pgc-20-2-0\"  class=\"panel-grid-cell\" ><div id=\"panel-20-2-0-0\" class=\"so-panel widget widget_dansnet-image panel-first-child panel-last-child\" data-index=\"4\" >\t\t\t<div class=\"dansnet-image-container\">\n\t\t\t\t\t\t\t\t<div id=\"S69e464ee9ab39\" class=\"slider\">\n\t\t\t\t\t<ul class=\"slides\">\n\t\t\t\t\t\t\t\t\t\t\t<li>\n\t\t\t\t\t\t\t<img data-id=\"0\" data-src=\"https:\/\/hypdata-immobilien.de\/site\/wp-content\/uploads\/Finanzierung\/Bautraegerfinanzierung.jpg\" \n\t\t\t\t\t\t\t\t data-width=\"424\" data-height=\"283\" \n\t\t\t\t\t\t\t\t src=\"https:\/\/hypdata-immobilien.de\/site\/wp-content\/uploads\/Finanzierung\/Bautraegerfinanzierung.jpg\"> \n\t\t\t\t\t\t<\/li>\n\t\t\t\t\t\t\t\t\t\t<\/ul>\n\t\t\t\t<\/div>\n\t\t\t\t\n\t\t\t\t<script>\n\t\t\t\t\tvar Options = {indicators: false};\n\t\t\t\t\t\t\t\t\t\t\tOptions = {\n\t\t\t\t\t\t\tindicators: false\n\t\t\t\t\t\t};\n\t\t\t\t\t\t\t\t\t\tvar SlideElements = document.querySelectorAll('#S69e464ee9ab39, [data-id=S69e464ee9ab39]');\n\t\t\t\t\tM.Slider.init(SlideElements, Options);\n\t\t\t\t\tjQuery(\"[data-id=S69e464ee9ab39]\").css(\"display\", \"none\");\n\t\t\t\t\t\n\t\t\t\t<\/script>\t\t\t\n\t\t\t\t\n\t\t\t<\/div>\n\t\t\t<\/div><\/div><div id=\"pgc-20-2-1\"  class=\"panel-grid-cell\" ><div id=\"panel-20-2-1-0\" class=\"so-panel widget widget_sow-editor panel-first-child panel-last-child\" data-index=\"5\" ><div class=\"so-widget-sow-editor so-widget-sow-editor-base\"><h3 class=\"widget-title\">Bautr\u00e4gerfinanzierung<\/h3>\n<div class=\"siteorigin-widget-tinymce textwidget\">\n\t<p>Von der Erstellung eines Doppelhauses bis zu gro\u00dfen Wohnanlagen mit mehreren Bauabschnitten sind wir f\u00fcr Sie der richtige Partner.<\/p>\n<\/div>\n<\/div><\/div><\/div><\/div><div id=\"pg-20-3\"  class=\"panel-grid panel-no-style\" ><div id=\"pgc-20-3-0\"  class=\"panel-grid-cell\" ><div id=\"panel-20-3-0-0\" class=\"so-panel widget widget_sow-editor panel-first-child panel-last-child\" data-index=\"6\" ><div class=\"so-widget-sow-editor so-widget-sow-editor-base\"><h3 class=\"widget-title\">Spezial- und Sonderfinanzierungen<\/h3>\n<div class=\"siteorigin-widget-tinymce textwidget\">\n\t<p>Auch Finanzierungen wie z.B.<\/p>\n<ul>\n<li>Solarparks<\/li>\n<li>Wasserkraftwerke<\/li>\n<li>Windkraftwerke<\/li>\n<\/ul>\n<p>werden von uns mit Rat und Tat begleitet.<\/p>\n<\/div>\n<\/div><\/div><\/div><div id=\"pgc-20-3-1\"  class=\"panel-grid-cell\" ><div id=\"panel-20-3-1-0\" class=\"so-panel widget widget_dansnet-image panel-first-child panel-last-child\" data-index=\"7\" >\t\t\t<div class=\"dansnet-image-container\">\n\t\t\t\t\t\t\t\t<div id=\"S69e464eea0ea7\" class=\"slider\">\n\t\t\t\t\t<ul class=\"slides\">\n\t\t\t\t\t\t\t\t\t\t\t<li>\n\t\t\t\t\t\t\t<img data-id=\"0\" data-src=\"https:\/\/hypdata-immobilien.de\/site\/wp-content\/uploads\/Finanzierung\/Spezialfinanzierung.jpg\" \n\t\t\t\t\t\t\t\t data-width=\"430\" data-height=\"279\" \n\t\t\t\t\t\t\t\t src=\"https:\/\/hypdata-immobilien.de\/site\/wp-content\/uploads\/Finanzierung\/Spezialfinanzierung.jpg\"> \n\t\t\t\t\t\t<\/li>\n\t\t\t\t\t\t\t\t\t\t<\/ul>\n\t\t\t\t<\/div>\n\t\t\t\t\n\t\t\t\t<script>\n\t\t\t\t\tvar Options = {indicators: false};\n\t\t\t\t\t\t\t\t\t\t\tOptions = {\n\t\t\t\t\t\t\tindicators: false\n\t\t\t\t\t\t};\n\t\t\t\t\t\t\t\t\t\tvar SlideElements = document.querySelectorAll('#S69e464eea0ea7, [data-id=S69e464eea0ea7]');\n\t\t\t\t\tM.Slider.init(SlideElements, Options);\n\t\t\t\t\tjQuery(\"[data-id=S69e464eea0ea7]\").css(\"display\", \"none\");\n\t\t\t\t\t\n\t\t\t\t<\/script>\t\t\t\n\t\t\t\t\n\t\t\t<\/div>\n\t\t\t<\/div><\/div><\/div><div id=\"pg-20-4\"  class=\"panel-grid panel-no-style\" ><div id=\"pgc-20-4-0\"  class=\"panel-grid-cell\" ><div id=\"panel-20-4-0-0\" class=\"so-panel widget widget_dansnet-image panel-first-child panel-last-child\" data-index=\"8\" >\t\t\t<div class=\"dansnet-image-container\">\n\t\t\t\t\t\t\t\t<div id=\"S69e464eea8365\" class=\"slider\">\n\t\t\t\t\t<ul class=\"slides\">\n\t\t\t\t\t\t\t\t\t\t\t<li>\n\t\t\t\t\t\t\t<img data-id=\"0\" data-src=\"https:\/\/hypdata-immobilien.de\/site\/wp-content\/uploads\/Finanzierung\/Fremdw\u00e4hrung.jpg\" \n\t\t\t\t\t\t\t\t data-width=\"424\" data-height=\"283\" \n\t\t\t\t\t\t\t\t src=\"https:\/\/hypdata-immobilien.de\/site\/wp-content\/uploads\/Finanzierung\/Fremdw\u00e4hrung.jpg\"> \n\t\t\t\t\t\t<\/li>\n\t\t\t\t\t\t\t\t\t\t<\/ul>\n\t\t\t\t<\/div>\n\t\t\t\t\n\t\t\t\t<script>\n\t\t\t\t\tvar Options = {indicators: false};\n\t\t\t\t\t\t\t\t\t\t\tOptions = {\n\t\t\t\t\t\t\tindicators: false\n\t\t\t\t\t\t};\n\t\t\t\t\t\t\t\t\t\tvar SlideElements = document.querySelectorAll('#S69e464eea8365, [data-id=S69e464eea8365]');\n\t\t\t\t\tM.Slider.init(SlideElements, Options);\n\t\t\t\t\tjQuery(\"[data-id=S69e464eea8365]\").css(\"display\", \"none\");\n\t\t\t\t\t\n\t\t\t\t<\/script>\t\t\t\n\t\t\t\t\n\t\t\t<\/div>\n\t\t\t<\/div><\/div><div id=\"pgc-20-4-1\"  class=\"panel-grid-cell\" ><div id=\"panel-20-4-1-0\" class=\"so-panel widget widget_sow-editor panel-first-child panel-last-child\" data-index=\"9\" ><div class=\"so-widget-sow-editor so-widget-sow-editor-base\"><h3 class=\"widget-title\">Fremdw\u00e4hrungs\u00adfinanzierung<\/h3>\n<div class=\"siteorigin-widget-tinymce textwidget\">\n\t<p>Finanzierung ist nicht gleich Finanzierung. Profitieren Sie bei dieser Finanzierungsart vom Zinsvorteil verschiedener ausl\u00e4ndischer W\u00e4hrungen. Wir sagen Ihnen wie!<\/p>\n<\/div>\n<\/div><\/div><\/div><\/div><div id=\"pg-20-5\"  class=\"panel-grid panel-no-style\" ><div id=\"pgc-20-5-0\"  class=\"panel-grid-cell\" ><div id=\"panel-20-5-0-0\" class=\"so-panel widget widget_sow-editor panel-first-child panel-last-child\" data-index=\"10\" ><div class=\"so-widget-sow-editor so-widget-sow-editor-base\"><h3 class=\"widget-title\">Firmenfinanzierung (Rahmeninvestitionspl\u00e4ne, Factoring)<\/h3>\n<div class=\"siteorigin-widget-tinymce textwidget\">\n\t<p>Von Anfang an gut beraten: Nutzen Sie unsere kompetente Finanzierungsberatung z. B. bei Existenzgr\u00fcndungen oder Umstrukturierungsinvestition<\/p>\n<\/div>\n<\/div><\/div><\/div><div id=\"pgc-20-5-1\"  class=\"panel-grid-cell\" ><div id=\"panel-20-5-1-0\" class=\"so-panel widget widget_dansnet-image panel-first-child panel-last-child\" data-index=\"11\" >\t\t\t<div class=\"dansnet-image-container\">\n\t\t\t\t\t\t\t\t<div id=\"S69e464eeafe14\" class=\"slider\">\n\t\t\t\t\t<ul class=\"slides\">\n\t\t\t\t\t\t\t\t\t\t\t<li>\n\t\t\t\t\t\t\t<img data-id=\"0\" data-src=\"https:\/\/hypdata-immobilien.de\/site\/wp-content\/uploads\/Finanzierung\/Firmenfinanzierung.jpg\" \n\t\t\t\t\t\t\t\t data-width=\"424\" data-height=\"283\" \n\t\t\t\t\t\t\t\t src=\"https:\/\/hypdata-immobilien.de\/site\/wp-content\/uploads\/Finanzierung\/Firmenfinanzierung.jpg\"> \n\t\t\t\t\t\t<\/li>\n\t\t\t\t\t\t\t\t\t\t<\/ul>\n\t\t\t\t<\/div>\n\t\t\t\t\n\t\t\t\t<script>\n\t\t\t\t\tvar Options = {indicators: false};\n\t\t\t\t\t\t\t\t\t\t\tOptions = {\n\t\t\t\t\t\t\tindicators: false\n\t\t\t\t\t\t};\n\t\t\t\t\t\t\t\t\t\tvar SlideElements = document.querySelectorAll('#S69e464eeafe14, [data-id=S69e464eeafe14]');\n\t\t\t\t\tM.Slider.init(SlideElements, Options);\n\t\t\t\t\tjQuery(\"[data-id=S69e464eeafe14]\").css(\"display\", \"none\");\n\t\t\t\t\t\n\t\t\t\t<\/script>\t\t\t\n\t\t\t\t\n\t\t\t<\/div>\n\t\t\t<\/div><\/div><\/div><\/div>","protected":false},"excerpt":{"rendered":"<p>Gerade etwa beim Kauf eines selbstgenutzten Einfamilienhauses, dem Kauf einer fremdgenutzten Immobilie zur sp\u00e4teren Altersvorsorge oder zur Optimierung des Einkommens unter steuerlichen Aspekten gibt es deutliche Unterschiede \u2013 sowohl in den Finanzierungsformen wie auch in den Konditionen der einzelnen Finanzierungsgeber. Jede eingereichte Finanzierung wird von uns automatisch auf die M\u00f6glichkeiten \u00f6ffentlicher F\u00f6rdermittel und zinsverbilligter Darlehen [&hellip;]<\/p>\n","protected":false},"author":1,"featured_media":0,"parent":0,"menu_order":0,"comment_status":"closed","ping_status":"closed","template":"","meta":[],"_links":{"self":[{"href":"https:\/\/hypdata-immobilien.de\/site\/wp-json\/wp\/v2\/pages\/20"}],"collection":[{"href":"https:\/\/hypdata-immobilien.de\/site\/wp-json\/wp\/v2\/pages"}],"about":[{"href":"https:\/\/hypdata-immobilien.de\/site\/wp-json\/wp\/v2\/types\/page"}],"author":[{"embeddable":true,"href":"https:\/\/hypdata-immobilien.de\/site\/wp-json\/wp\/v2\/users\/1"}],"replies":[{"embeddable":true,"href":"https:\/\/hypdata-immobilien.de\/site\/wp-json\/wp\/v2\/comments?post=20"}],"version-history":[{"count":26,"href":"https:\/\/hypdata-immobilien.de\/site\/wp-json\/wp\/v2\/pages\/20\/revisions"}],"predecessor-version":[{"id":506,"href":"https:\/\/hypdata-immobilien.de\/site\/wp-json\/wp\/v2\/pages\/20\/revisions\/506"}],"wp:attachment":[{"href":"https:\/\/hypdata-immobilien.de\/site\/wp-json\/wp\/v2\/media?parent=20"}],"curies":[{"name":"wp","href":"https:\/\/api.w.org\/{rel}","templated":true}]}}