{"id":1845,"date":"2020-03-30T15:40:10","date_gmt":"2020-03-30T13:40:10","guid":{"rendered":"https:\/\/hypdata-immobilien.de\/site\/?page_id=1845"},"modified":"2020-11-03T16:08:32","modified_gmt":"2020-11-03T15:08:32","slug":"presse","status":"publish","type":"page","link":"https:\/\/hypdata-immobilien.de\/site\/presse\/","title":{"rendered":"Presse"},"content":{"rendered":"<div id=\"pl-1845\"  class=\"panel-layout\" ><div id=\"pg-1845-0\"  class=\"panel-grid panel-no-style\" ><div id=\"pgc-1845-0-0\"  class=\"panel-grid-cell\" ><div id=\"panel-1845-0-0-0\" class=\"so-panel widget widget_sow-editor panel-first-child\" data-index=\"0\" ><div class=\"so-widget-sow-editor so-widget-sow-editor-base\"><h3 class=\"widget-title\">Augsburger Allgemeine<\/h3>\n<div class=\"siteorigin-widget-tinymce textwidget\">\n\t<p><a href=\"https:\/\/hypdata-immobilien.de\/site\/wp-content\/uploads\/2020\/11\/Naturnahes-Relaxen-mitten-in-der-Stadt.pdf\">Naturnahes Relaxen mitten in der Stadt<\/a><\/p>\n<p><a href=\"https:\/\/hypdata-immobilien.de\/site\/wp-content\/uploads\/2020\/03\/Das-Zentrum-am-Schl\u00f6ssle-22wird-schick22.pdf\">Das Zentrum am Schl\u00f6ssle wird schick<\/a><\/p>\n<p><a href=\"https:\/\/hypdata-immobilien.de\/site\/wp-content\/uploads\/2020\/03\/Abbruchstimmung-in-Lechhausen.pdf\">Abbruchstimmung in Lechhausen<\/a><\/p>\n<p><a href=\"https:\/\/hypdata-immobilien.de\/site\/wp-content\/uploads\/2020\/03\/Baubeginn-f\u00fcr-470-Wohnungen-in-Kriegshaber.pdf\">Baubeginn f\u00fcr 470 Wohnungen in Kriegshaber<\/a><\/p>\n<p><a href=\"https:\/\/hypdata-immobilien.de\/site\/wp-content\/uploads\/2020\/03\/An-der-Ackermann-Stra\u00dfe-wird-ab-Herbst-gebaut.pdf\">An der Ackermann-Stra\u00dfe wird ab Herbst gebaut<\/a><\/p>\n<p><a href=\"https:\/\/hypdata-immobilien.de\/site\/wp-content\/uploads\/2020\/03\/Hier-schl\u00e4gt-das-neue-Herz-Lechhausens.pdf\">Hier schl\u00e4gt das neue Herz Lechhausens<\/a><\/p>\n<p><a href=\"https:\/\/hypdata-immobilien.de\/site\/wp-content\/uploads\/2020\/03\/Hier-w\u00e4chst-das-HUMBOLDT-PALAIS.pdf\">Hier w\u00e4chst das HUMBOLDT-PALAIS<\/a><\/p>\n<p><a href=\"https:\/\/hypdata-immobilien.de\/site\/wp-content\/uploads\/2020\/03\/IKZ-folgt-auf-Kosmetikladen.pdf\">IKZ folgt auf Kosmetikladen<\/a><\/p>\n<p><a href=\"https:\/\/hypdata-immobilien.de\/site\/wp-content\/uploads\/2020\/03\/Lechhausen-feiert-den-neuen-Gr\u00fcnen-Kranz.pdf\">Lechhausen feiert den neuen Gr\u00fcnen Kranz<\/a><\/p>\n<p><a href=\"https:\/\/hypdata-immobilien.de\/site\/wp-content\/uploads\/2020\/03\/Neue-Wohnprojekte-im-Westen.pdf\">Neue Wohnprojekte im Westen<\/a><\/p>\n<p><a href=\"https:\/\/hypdata-immobilien.de\/site\/wp-content\/uploads\/2020\/03\/Neuer-Wohnraum-am-Schl\u00f6ssle.pdf\">Neuer Wohnraum am Schl\u00f6ssle<\/a><\/p>\n<p><a href=\"https:\/\/hypdata-immobilien.de\/site\/wp-content\/uploads\/2020\/03\/Wo-entstehen-neue-Wohnungen.pdf\">Wo entstehen neue Wohnungen<\/a><\/p>\n<p><a href=\"https:\/\/hypdata-immobilien.de\/site\/wp-content\/uploads\/2020\/05\/pdf-IKZ_Rot1.pdf\">Mit dem IKZ zur Traum-Immobilie<\/a><\/p>\n<\/div>\n<\/div><\/div><div id=\"panel-1845-0-0-1\" class=\"so-panel widget widget_sow-editor panel-last-child\" data-index=\"1\" ><div class=\"so-widget-sow-editor so-widget-sow-editor-base\"><h3 class=\"widget-title\">Augsburg Journal<\/h3>\n<div class=\"siteorigin-widget-tinymce textwidget\">\n\t<p><a href=\"https:\/\/hypdata-immobilien.de\/site\/wp-content\/uploads\/2020\/10\/Pl\u00e4rrer-Feeling-in-der-City.pdf\">Pl\u00e4rrer-Feeling in der City<\/a><\/p>\n<p><a href=\"https:\/\/hypdata-immobilien.de\/site\/wp-content\/uploads\/2020\/10\/ACKERMANN-PARK-besticht-mit-hochwertiger-Ausstattung.pdf\">ACKERMANN PARK besticht mit hochwertiger Ausstattung<\/a><\/p>\n<p><a href=\"https:\/\/hypdata-immobilien.de\/site\/wp-content\/uploads\/2020\/10\/Citynahes-Relaxen-im-Gr\u00fcnen.pdf\">Citynahes Relaxen im Gr\u00fcnen<\/a><\/p>\n<p><a href=\"https:\/\/hypdata-immobilien.de\/site\/wp-content\/uploads\/2020\/03\/Aus-Liebe-zu-Augsburg.pdf\">Aus Liebe zu Augsburg<\/a><\/p>\n<p><a href=\"https:\/\/hypdata-immobilien.de\/site\/wp-content\/uploads\/2020\/03\/Exklusiver-Lifestyle.pdf\">Exklusiver Lifestyle<\/a><\/p>\n<\/div>\n<\/div><\/div><\/div><\/div><\/div>","protected":false},"excerpt":{"rendered":"<p>Naturnahes Relaxen mitten in der Stadt Das Zentrum am Schl\u00f6ssle wird schick Abbruchstimmung in Lechhausen Baubeginn f\u00fcr 470 Wohnungen in Kriegshaber An der Ackermann-Stra\u00dfe wird ab Herbst gebaut Hier schl\u00e4gt das neue Herz Lechhausens Hier w\u00e4chst das HUMBOLDT-PALAIS IKZ folgt auf Kosmetikladen Lechhausen feiert den neuen Gr\u00fcnen Kranz Neue Wohnprojekte im Westen Neuer Wohnraum am [&hellip;]<\/p>\n","protected":false},"author":4,"featured_media":0,"parent":0,"menu_order":0,"comment_status":"closed","ping_status":"closed","template":"","meta":[],"_links":{"self":[{"href":"https:\/\/hypdata-immobilien.de\/site\/wp-json\/wp\/v2\/pages\/1845"}],"collection":[{"href":"https:\/\/hypdata-immobilien.de\/site\/wp-json\/wp\/v2\/pages"}],"about":[{"href":"https:\/\/hypdata-immobilien.de\/site\/wp-json\/wp\/v2\/types\/page"}],"author":[{"embeddable":true,"href":"https:\/\/hypdata-immobilien.de\/site\/wp-json\/wp\/v2\/users\/4"}],"replies":[{"embeddable":true,"href":"https:\/\/hypdata-immobilien.de\/site\/wp-json\/wp\/v2\/comments?post=1845"}],"version-history":[{"count":19,"href":"https:\/\/hypdata-immobilien.de\/site\/wp-json\/wp\/v2\/pages\/1845\/revisions"}],"predecessor-version":[{"id":2132,"href":"https:\/\/hypdata-immobilien.de\/site\/wp-json\/wp\/v2\/pages\/1845\/revisions\/2132"}],"wp:attachment":[{"href":"https:\/\/hypdata-immobilien.de\/site\/wp-json\/wp\/v2\/media?parent=1845"}],"curies":[{"name":"wp","href":"https:\/\/api.w.org\/{rel}","templated":true}]}}