{"id":16,"date":"2018-06-07T11:35:07","date_gmt":"2018-06-07T09:35:07","guid":{"rendered":"http:\/\/wordpress.hypdata-hypothekenleitstelle.de\/?page_id=16"},"modified":"2025-01-31T12:34:25","modified_gmt":"2025-01-31T11:34:25","slug":"referenzen","status":"publish","type":"page","link":"https:\/\/hypdata-immobilien.de\/site\/referenzen\/","title":{"rendered":"Referenzen"},"content":{"rendered":"<div id=\"pl-16\"  class=\"panel-layout\" ><div id=\"pg-16-0\"  class=\"panel-grid panel-no-style\" ><div id=\"pgc-16-0-0\"  class=\"panel-grid-cell\" ><div id=\"panel-16-0-0-0\" class=\"so-panel widget widget_sow-editor panel-first-child panel-last-child\" data-index=\"0\" ><div class=\"so-widget-sow-editor so-widget-sow-editor-base\">\n<div class=\"siteorigin-widget-tinymce textwidget\">\n\t<p>HYPDATA, Ihr Augsburger Bautr\u00e4ger mit Stil.<\/p>\n<p>Von der Sanierung bis zum Neubau, von der klassischen Eigentumswohnung zur Gewerbeimmobilie, k\u00f6nnen wir auf ein breites Portfolio erfolgreicher Immobilienprojekte zur\u00fcckgreifen.<\/p>\n<p>Nachfolgend pr\u00e4sentieren wir Ihnen einen Auszug unserer realisierten Immobilienprojekte.<\/p>\n<p>Wir verwirklichen ausschlie\u00dflich Projekte, in die wir auch gerne selber einziehen m\u00f6chten, daher sind wir darauf stolz, Ihnen zwei Musterwohnungen zur Besichtigung anbieten zu d\u00fcrfen.<\/p>\n<\/div>\n<\/div><\/div><\/div><\/div><div id=\"pg-16-1\"  class=\"panel-grid panel-no-style\" ><div id=\"pgc-16-1-0\"  class=\"panel-grid-cell\" ><div id=\"panel-16-1-0-0\" class=\"so-panel widget widget_dansnet-project panel-first-child panel-last-child\" data-index=\"1\" >\t\t\t<div class=\"dansnet-project\">\n\t\t\t\t\n\t\t\t\t<!--<h4>ACKERMANN PARK<\/h4>\n\t\t\t\t\n\t\t\t\t<div class=\"image-container\" style=\"background-image: url('https:\/\/hypdata-immobilien.de\/site\/wp-content\/uploads\/2024\/07\/bild1-15.36.27-scaled.jpg')\"><\/div>\n\t\t\t\t\t\t\t\t\n\t\t\t\t<div class=\"row buttons\">\n\t\t\t\t\t\t\t\t\t<div class=\"col s6 left\">\n\t\t\t\t\t\t<a class=\"waves-effect waves-light btn blue darken-4\" href=\"https:\/\/hypdata-immobilien.de\/site\/2024\/07\/08\/ackermann-park\/\">Details<\/a>\n\t\t\t\t\t<\/div>\n\t\t\t\t\t\t\t\t\t\t\t\t<\/div>-->\n\t\t\t\t\n\t\t\t\t<div class=\"row\">\n\t\t\t\t\t<div class=\"col s12\">\n\t\t\t\t\t\t<div class=\"card\">\n\t\t\t\t\t\t\t<div class=\"card-image\">\n\t\t\t\t\t\t\t\t<img src=\"https:\/\/hypdata-immobilien.de\/site\/wp-content\/uploads\/2024\/07\/bild1-15.36.27-scaled.jpg\">\n\t\t\t\t\t\t\t<\/div>\n\t\t\t\t\t\t\t<div class=\"card-content\">\n\t\t\t\t\t\t\t\t<h4>\n\t\t\t\t\t\t\t\t\tACKERMANN PARK\t\t\t\t\t\t\t\t<\/h4>\n\t\t\t\t\t\t\t\t<p>\n\t\t\t\t\t\t\t\t\tHighlights:<ul class=\"collection\"><li class=\"collection-item\"> 416 Schwellenfreie 1 bis 5-Zimmer-Wohnungen<\/li><li class=\"collection-item\">Aufzug<\/li><li class=\"collection-item\">Tiefgarage<\/li><li class=\"collection-item\">Dreifach-Verglasung<\/li><li class=\"collection-item\">Videogegensprechanlage<\/li><li class=\"collection-item\">Exklusive Badausstattung<\/li><li class=\"collection-item\">Glasfaserinhousestruktur f\u00fcr Internet & Medien<\/li><li class=\"collection-item\">Fernw\u00e4rmeheizung<\/li><li class=\"collection-item\">Zentrale L\u00fcftungsanlage <\/li><li class=\"collection-item\">Innenw\u00e4nde Ziegelbauweise<\/li><li class=\"collection-item\">Frischwasseraufbereitungsanlage<\/li><\/ul>\t\t\t\t\t\t\t\t<\/p>\n\t\t\t\t\t\t\t<\/div>\n\t\t\t\t\t\t\t\t\t\t\t\t\t\t<div class=\"card-action\">\n\t\t\t\t\t\t\t\t\t\t\t\t\t\t\t\t\t<a class=\"btn\" href=\"https:\/\/hypdata-immobilien.de\/site\/2024\/07\/08\/ackermann-park\/\">Details<\/a>\n\t\t\t\t\t\t\t\t\t\t\t\t\t\t\t\t\t\t\t\t\t\t\t<\/div>\n\t\t\t\t\t\t\t\t\t\t\t\t\t<\/div>\n\t\t\t\t\t<\/div>\n\t\t\t\t<\/div>\n\t\t\t\t\n\t\t\t<\/div>\n\t\t<\/div><\/div><div id=\"pgc-16-1-1\"  class=\"panel-grid-cell\" ><div id=\"panel-16-1-1-0\" class=\"so-panel widget widget_dansnet-project panel-first-child panel-last-child\" data-index=\"2\" >\t\t\t<div class=\"dansnet-project\">\n\t\t\t\t\n\t\t\t\t<!--<h4>Humboldt-Palais<\/h4>\n\t\t\t\t\n\t\t\t\t<div class=\"image-container\" style=\"background-image: url('https:\/\/hypdata-immobilien.de\/site\/wp-content\/uploads\/2019\/08\/Humboldt-Palais-Header.jpg')\"><\/div>\n\t\t\t\t\t\t\t\t\n\t\t\t\t<div class=\"row buttons\">\n\t\t\t\t\t\t\t\t\t<div class=\"col s6 left\">\n\t\t\t\t\t\t<a class=\"waves-effect waves-light btn blue darken-4\" href=\"https:\/\/hypdata-immobilien.de\/site\/2018\/07\/09\/humboldt-palais\/\">Details<\/a>\n\t\t\t\t\t<\/div>\n\t\t\t\t\t\t\t\t\t\t\t\t<\/div>-->\n\t\t\t\t\n\t\t\t\t<div class=\"row\">\n\t\t\t\t\t<div class=\"col s12\">\n\t\t\t\t\t\t<div class=\"card\">\n\t\t\t\t\t\t\t<div class=\"card-image\">\n\t\t\t\t\t\t\t\t<img src=\"https:\/\/hypdata-immobilien.de\/site\/wp-content\/uploads\/2019\/08\/Humboldt-Palais-Header.jpg\">\n\t\t\t\t\t\t\t<\/div>\n\t\t\t\t\t\t\t<div class=\"card-content\">\n\t\t\t\t\t\t\t\t<h4>\n\t\t\t\t\t\t\t\t\tHumboldt-Palais\t\t\t\t\t\t\t\t<\/h4>\n\t\t\t\t\t\t\t\t<p>\n\t\t\t\t\t\t\t\t\tHighlights:<ul class=\"collection\"><li class=\"collection-item\">24 Schwellenfreie 1 und 3-Zimmer-Wohnungen<\/li><li class=\"collection-item\">Aufzug<\/li><li class=\"collection-item\">Tiefgarage<\/li><li class=\"collection-item\">Dreifach-Verglasung<\/li><li class=\"collection-item\">Videogegensprechanlage<\/li><li class=\"collection-item\">Exklusive Badausstattung<\/li><li class=\"collection-item\">Glasfaserinhousestruktur f\u00fcr Internet & Medien<\/li><li class=\"collection-item\">Fernw\u00e4rmeheizung<\/li><\/ul>\t\t\t\t\t\t\t\t<\/p>\n\t\t\t\t\t\t\t<\/div>\n\t\t\t\t\t\t\t\t\t\t\t\t\t\t<div class=\"card-action\">\n\t\t\t\t\t\t\t\t\t\t\t\t\t\t\t\t\t<a class=\"btn\" href=\"https:\/\/hypdata-immobilien.de\/site\/2018\/07\/09\/humboldt-palais\/\">Details<\/a>\n\t\t\t\t\t\t\t\t\t\t\t\t\t\t\t\t\t\t\t\t\t\t\t<\/div>\n\t\t\t\t\t\t\t\t\t\t\t\t\t<\/div>\n\t\t\t\t\t<\/div>\n\t\t\t\t<\/div>\n\t\t\t\t\n\t\t\t<\/div>\n\t\t<\/div><\/div><\/div><div id=\"pg-16-2\"  class=\"panel-grid panel-no-style\" ><div id=\"pgc-16-2-0\"  class=\"panel-grid-cell\" ><div id=\"panel-16-2-0-0\" class=\"so-panel widget widget_dansnet-project panel-first-child panel-last-child\" data-index=\"3\" >\t\t\t<div class=\"dansnet-project\">\n\t\t\t\t\n\t\t\t\t<!--<h4>WAGNER-Palais<\/h4>\n\t\t\t\t\n\t\t\t\t<div class=\"image-container\" style=\"background-image: url('https:\/\/hypdata-immobilien.de\/site\/wp-content\/uploads\/Immobilien\/WAGNER-Palais\/WAGNER-Palais.jpg')\"><\/div>\n\t\t\t\t\t\t\t\t\n\t\t\t\t<div class=\"row buttons\">\n\t\t\t\t\t\t\t\t\t<div class=\"col s6 left\">\n\t\t\t\t\t\t<a class=\"waves-effect waves-light btn blue darken-4\" href=\"https:\/\/hypdata-immobilien.de\/site\/2018\/06\/09\/wagner-palais\/\">Details<\/a>\n\t\t\t\t\t<\/div>\n\t\t\t\t\t\t\t\t\t\t\t\t<\/div>-->\n\t\t\t\t\n\t\t\t\t<div class=\"row\">\n\t\t\t\t\t<div class=\"col s12\">\n\t\t\t\t\t\t<div class=\"card\">\n\t\t\t\t\t\t\t<div class=\"card-image\">\n\t\t\t\t\t\t\t\t<img src=\"https:\/\/hypdata-immobilien.de\/site\/wp-content\/uploads\/Immobilien\/WAGNER-Palais\/WAGNER-Palais.jpg\">\n\t\t\t\t\t\t\t<\/div>\n\t\t\t\t\t\t\t<div class=\"card-content\">\n\t\t\t\t\t\t\t\t<h4>\n\t\t\t\t\t\t\t\t\tWAGNER-Palais\t\t\t\t\t\t\t\t<\/h4>\n\t\t\t\t\t\t\t\t<p>\n\t\t\t\t\t\t\t\t\tHighlights:<ul class=\"collection\"><li class=\"collection-item\">31 barrierefrei Wohnungen<\/li><li class=\"collection-item\">Aluminiumrolll\u00e4den<\/li><li class=\"collection-item\">L\u00fcftungsanlage mit W\u00e4rmer\u00fcckgewinnung<\/li><li class=\"collection-item\">Raumh\u00f6he 2,60m<\/li><li class=\"collection-item\">beheizte Tiefgaragenabfahrt<\/li><\/ul>\t\t\t\t\t\t\t\t<\/p>\n\t\t\t\t\t\t\t<\/div>\n\t\t\t\t\t\t\t\t\t\t\t\t\t\t<div class=\"card-action\">\n\t\t\t\t\t\t\t\t\t\t\t\t\t\t\t\t\t<a class=\"btn\" href=\"https:\/\/hypdata-immobilien.de\/site\/2018\/06\/09\/wagner-palais\/\">Details<\/a>\n\t\t\t\t\t\t\t\t\t\t\t\t\t\t\t\t\t\t\t\t\t\t\t<\/div>\n\t\t\t\t\t\t\t\t\t\t\t\t\t<\/div>\n\t\t\t\t\t<\/div>\n\t\t\t\t<\/div>\n\t\t\t\t\n\t\t\t<\/div>\n\t\t<\/div><\/div><div id=\"pgc-16-2-1\"  class=\"panel-grid-cell\" ><div id=\"panel-16-2-1-0\" class=\"so-panel widget widget_dansnet-project panel-first-child panel-last-child\" data-index=\"4\" >\t\t\t<div class=\"dansnet-project\">\n\t\t\t\t\n\t\t\t\t<!--<h4>Residenz am Wittelsbacher Park<\/h4>\n\t\t\t\t\n\t\t\t\t<div class=\"image-container\" style=\"background-image: url('https:\/\/hypdata-immobilien.de\/site\/wp-content\/uploads\/Immobilien\/ResidenzWittelsbacherPark\/Ulrich-Hofmaier-Stra\u00dfe.jpg')\"><\/div>\n\t\t\t\t\t\t\t\t\n\t\t\t\t<div class=\"row buttons\">\n\t\t\t\t\t\t\t\t\t<div class=\"col s6 left\">\n\t\t\t\t\t\t<a class=\"waves-effect waves-light btn blue darken-4\" href=\"https:\/\/hypdata-immobilien.de\/site\/2018\/07\/30\/residenz-am-wittelsbacher-park\/\">Details<\/a>\n\t\t\t\t\t<\/div>\n\t\t\t\t\t\t\t\t\t\t\t\t<\/div>-->\n\t\t\t\t\n\t\t\t\t<div class=\"row\">\n\t\t\t\t\t<div class=\"col s12\">\n\t\t\t\t\t\t<div class=\"card\">\n\t\t\t\t\t\t\t<div class=\"card-image\">\n\t\t\t\t\t\t\t\t<img src=\"https:\/\/hypdata-immobilien.de\/site\/wp-content\/uploads\/Immobilien\/ResidenzWittelsbacherPark\/Ulrich-Hofmaier-Stra\u00dfe.jpg\">\n\t\t\t\t\t\t\t<\/div>\n\t\t\t\t\t\t\t<div class=\"card-content\">\n\t\t\t\t\t\t\t\t<h4>\n\t\t\t\t\t\t\t\t\tResidenz am Wittelsbacher Park\t\t\t\t\t\t\t\t<\/h4>\n\t\t\t\t\t\t\t\t<p>\n\t\t\t\t\t\t\t\t\tHighlights:<ul class=\"collection\"><li class=\"collection-item\">11 barrierefreie Wohneinheiten<\/li><li class=\"collection-item\">niedrige Energiekosten \/ KfW-Effizienzhaus 55<\/li><li class=\"collection-item\">zwei Eing\u00e4nge<\/li><li class=\"collection-item\">Edle Ausstattung<\/li><li class=\"collection-item\">Tiefgarage<\/li><\/ul>\t\t\t\t\t\t\t\t<\/p>\n\t\t\t\t\t\t\t<\/div>\n\t\t\t\t\t\t\t\t\t\t\t\t\t\t<div class=\"card-action\">\n\t\t\t\t\t\t\t\t\t\t\t\t\t\t\t\t\t<a class=\"btn\" href=\"https:\/\/hypdata-immobilien.de\/site\/2018\/07\/30\/residenz-am-wittelsbacher-park\/\">Details<\/a>\n\t\t\t\t\t\t\t\t\t\t\t\t\t\t\t\t\t\t\t\t\t\t\t<\/div>\n\t\t\t\t\t\t\t\t\t\t\t\t\t<\/div>\n\t\t\t\t\t<\/div>\n\t\t\t\t<\/div>\n\t\t\t\t\n\t\t\t<\/div>\n\t\t<\/div><\/div><div id=\"pgc-16-2-2\"  class=\"panel-grid-cell\" ><div id=\"panel-16-2-2-0\" class=\"so-panel widget widget_dansnet-project panel-first-child panel-last-child\" data-index=\"5\" >\t\t\t<div class=\"dansnet-project\">\n\t\t\t\t\n\t\t\t\t<!--<h4>Palais am Justizpalast<\/h4>\n\t\t\t\t\n\t\t\t\t<div class=\"image-container\" style=\"background-image: url('https:\/\/hypdata-immobilien.de\/site\/wp-content\/uploads\/Immobilien\/Palais-am-Justizpalast\/G\u00f6gginger-Stra\u00dfe.jpg')\"><\/div>\n\t\t\t\t\t\t\t\t\n\t\t\t\t<div class=\"row buttons\">\n\t\t\t\t\t\t\t\t\t<div class=\"col s6 left\">\n\t\t\t\t\t\t<a class=\"waves-effect waves-light btn blue darken-4\" href=\"https:\/\/hypdata-immobilien.de\/site\/2018\/08\/03\/palais-am-justizpalast-2\/\">Details<\/a>\n\t\t\t\t\t<\/div>\n\t\t\t\t\t\t\t\t\t\t\t\t<\/div>-->\n\t\t\t\t\n\t\t\t\t<div class=\"row\">\n\t\t\t\t\t<div class=\"col s12\">\n\t\t\t\t\t\t<div class=\"card\">\n\t\t\t\t\t\t\t<div class=\"card-image\">\n\t\t\t\t\t\t\t\t<img src=\"https:\/\/hypdata-immobilien.de\/site\/wp-content\/uploads\/Immobilien\/Palais-am-Justizpalast\/G\u00f6gginger-Stra\u00dfe.jpg\">\n\t\t\t\t\t\t\t<\/div>\n\t\t\t\t\t\t\t<div class=\"card-content\">\n\t\t\t\t\t\t\t\t<h4>\n\t\t\t\t\t\t\t\t\tPalais am Justizpalast\t\t\t\t\t\t\t\t<\/h4>\n\t\t\t\t\t\t\t\t<p>\n\t\t\t\t\t\t\t\t\tHighlights:<ul class=\"collection\"><li class=\"collection-item\">21 Wohneinheiten<\/li><li class=\"collection-item\">niedrige Energiekosten \/ KfW-Effizienzhaus 70<\/li><li class=\"collection-item\">L\u00fcftungsanlage mit W\u00e4rmer\u00fcckgewinnung<\/li><li class=\"collection-item\">Raumh\u00f6he 2,60m<\/li><li class=\"collection-item\">Tiefgarage<\/li><\/ul>\t\t\t\t\t\t\t\t<\/p>\n\t\t\t\t\t\t\t<\/div>\n\t\t\t\t\t\t\t\t\t\t\t\t\t\t<div class=\"card-action\">\n\t\t\t\t\t\t\t\t\t\t\t\t\t\t\t\t\t<a class=\"btn\" href=\"https:\/\/hypdata-immobilien.de\/site\/2018\/08\/03\/palais-am-justizpalast-2\/\">Details<\/a>\n\t\t\t\t\t\t\t\t\t\t\t\t\t\t\t\t\t\t\t\t\t\t\t<\/div>\n\t\t\t\t\t\t\t\t\t\t\t\t\t<\/div>\n\t\t\t\t\t<\/div>\n\t\t\t\t<\/div>\n\t\t\t\t\n\t\t\t<\/div>\n\t\t<\/div><\/div><\/div><div id=\"pg-16-3\"  class=\"panel-grid panel-no-style\" ><div id=\"pgc-16-3-0\"  class=\"panel-grid-cell\" ><div id=\"panel-16-3-0-0\" class=\"so-panel widget widget_dansnet-project panel-first-child panel-last-child\" data-index=\"6\" >\t\t\t<div class=\"dansnet-project\">\n\t\t\t\t\n\t\t\t\t<!--<h4>Kinderkrippe, Christoph-von-Schmid-Str.9<\/h4>\n\t\t\t\t\n\t\t\t\t<div class=\"image-container\" style=\"background-image: url('https:\/\/hypdata-immobilien.de\/site\/wp-content\/uploads\/2018\/08\/Kinderkrippe-950-neu.jpg')\"><\/div>\n\t\t\t\t\t\t\t\t\n\t\t\t\t<div class=\"row buttons\">\n\t\t\t\t\t\t\t\t\t<div class=\"col s6 left\">\n\t\t\t\t\t\t<a class=\"waves-effect waves-light btn blue darken-4\" href=\"https:\/\/hypdata-immobilien.de\/site\/2018\/08\/03\/kinderkrippe-christoph-von-schmid-str-9-86159-augsburg\/\">Details<\/a>\n\t\t\t\t\t<\/div>\n\t\t\t\t\t\t\t\t\t\t\t\t<\/div>-->\n\t\t\t\t\n\t\t\t\t<div class=\"row\">\n\t\t\t\t\t<div class=\"col s12\">\n\t\t\t\t\t\t<div class=\"card\">\n\t\t\t\t\t\t\t<div class=\"card-image\">\n\t\t\t\t\t\t\t\t<img src=\"https:\/\/hypdata-immobilien.de\/site\/wp-content\/uploads\/2018\/08\/Kinderkrippe-950-neu.jpg\">\n\t\t\t\t\t\t\t<\/div>\n\t\t\t\t\t\t\t<div class=\"card-content\">\n\t\t\t\t\t\t\t\t<h4>\n\t\t\t\t\t\t\t\t\tKinderkrippe, Christoph-von-Schmid-Str.9\t\t\t\t\t\t\t\t<\/h4>\n\t\t\t\t\t\t\t\t<p>\n\t\t\t\t\t\t\t\t\tHighlights:<ul class=\"collection\"><li class=\"collection-item\">Toplage direkt am Wittelsbacher Park<\/li><li class=\"collection-item\">stilvolles Einzeldenkmal<\/li><li class=\"collection-item\">modernste Haustechnik<\/li><li class=\"collection-item\">exklusives Interieur<\/li><li class=\"collection-item\">Aufzug<\/li><li class=\"collection-item\">einmaliger, historischer Senkgarten<\/li><\/ul>\t\t\t\t\t\t\t\t<\/p>\n\t\t\t\t\t\t\t<\/div>\n\t\t\t\t\t\t\t\t\t\t\t\t\t\t<div class=\"card-action\">\n\t\t\t\t\t\t\t\t\t\t\t\t\t\t\t\t\t<a class=\"btn\" href=\"https:\/\/hypdata-immobilien.de\/site\/2018\/08\/03\/kinderkrippe-christoph-von-schmid-str-9-86159-augsburg\/\">Details<\/a>\n\t\t\t\t\t\t\t\t\t\t\t\t\t\t\t\t\t\t\t\t\t\t\t<\/div>\n\t\t\t\t\t\t\t\t\t\t\t\t\t<\/div>\n\t\t\t\t\t<\/div>\n\t\t\t\t<\/div>\n\t\t\t\t\n\t\t\t<\/div>\n\t\t<\/div><\/div><div id=\"pgc-16-3-1\"  class=\"panel-grid-cell\" ><div id=\"panel-16-3-1-0\" class=\"so-panel widget widget_dansnet-project panel-first-child panel-last-child\" data-index=\"7\" >\t\t\t<div class=\"dansnet-project\">\n\t\t\t\t\n\t\t\t\t<!--<h4>Kastanienhof, Ortszentrum Leitershofen<\/h4>\n\t\t\t\t\n\t\t\t\t<div class=\"image-container\" style=\"background-image: url('https:\/\/hypdata-immobilien.de\/site\/wp-content\/uploads\/2018\/08\/Kastanienhof-neu-5-450.jpg')\"><\/div>\n\t\t\t\t\t\t\t\t\n\t\t\t\t<div class=\"row buttons\">\n\t\t\t\t\t\t\t\t\t<div class=\"col s6 left\">\n\t\t\t\t\t\t<a class=\"waves-effect waves-light btn blue darken-4\" href=\"https:\/\/hypdata-immobilien.de\/site\/2018\/08\/03\/kastanienhof\/\">Details<\/a>\n\t\t\t\t\t<\/div>\n\t\t\t\t\t\t\t\t\t\t\t\t<\/div>-->\n\t\t\t\t\n\t\t\t\t<div class=\"row\">\n\t\t\t\t\t<div class=\"col s12\">\n\t\t\t\t\t\t<div class=\"card\">\n\t\t\t\t\t\t\t<div class=\"card-image\">\n\t\t\t\t\t\t\t\t<img src=\"https:\/\/hypdata-immobilien.de\/site\/wp-content\/uploads\/2018\/08\/Kastanienhof-neu-5-450.jpg\">\n\t\t\t\t\t\t\t<\/div>\n\t\t\t\t\t\t\t<div class=\"card-content\">\n\t\t\t\t\t\t\t\t<h4>\n\t\t\t\t\t\t\t\t\tKastanienhof, Ortszentrum Leitershofen\t\t\t\t\t\t\t\t<\/h4>\n\t\t\t\t\t\t\t\t<p>\n\t\t\t\t\t\t\t\t\tHighlights:<ul class=\"collection\"><li class=\"collection-item\">optimale Infrastruktur<\/li><li class=\"collection-item\">park\u00e4hnliches Grundst\u00fcck<\/li><li class=\"collection-item\">gro\u00dfz\u00fcgige Balkone + Terrassen mit S\u00fcd-\/Westausrichtung<\/li><li class=\"collection-item\">exklusiv + modern gestaltete Eingangsbereiche + Treppenh\u00e4user<\/li><li class=\"collection-item\">Aufzug<\/li><\/ul>\t\t\t\t\t\t\t\t<\/p>\n\t\t\t\t\t\t\t<\/div>\n\t\t\t\t\t\t\t\t\t\t\t\t\t\t<div class=\"card-action\">\n\t\t\t\t\t\t\t\t\t\t\t\t\t\t\t\t\t<a class=\"btn\" href=\"https:\/\/hypdata-immobilien.de\/site\/2018\/08\/03\/kastanienhof\/\">Details<\/a>\n\t\t\t\t\t\t\t\t\t\t\t\t\t\t\t\t\t\t\t\t\t\t\t<\/div>\n\t\t\t\t\t\t\t\t\t\t\t\t\t<\/div>\n\t\t\t\t\t<\/div>\n\t\t\t\t<\/div>\n\t\t\t\t\n\t\t\t<\/div>\n\t\t<\/div><\/div><div id=\"pgc-16-3-2\"  class=\"panel-grid-cell\" ><div id=\"panel-16-3-2-0\" class=\"so-panel widget widget_dansnet-project panel-first-child panel-last-child\" data-index=\"8\" >\t\t\t<div class=\"dansnet-project\">\n\t\t\t\t\n\t\t\t\t<!--<h4>Senioren-Park-Diedorf<\/h4>\n\t\t\t\t\n\t\t\t\t<div class=\"image-container\" style=\"background-image: url('https:\/\/hypdata-immobilien.de\/site\/wp-content\/uploads\/2018\/08\/Seniorenpark-1-450-1.jpg')\"><\/div>\n\t\t\t\t\t\t\t\t\n\t\t\t\t<div class=\"row buttons\">\n\t\t\t\t\t\t\t\t\t<div class=\"col s6 left\">\n\t\t\t\t\t\t<a class=\"waves-effect waves-light btn blue darken-4\" href=\"https:\/\/hypdata-immobilien.de\/site\/2018\/08\/03\/senioren-park-diedorf\/\">Details<\/a>\n\t\t\t\t\t<\/div>\n\t\t\t\t\t\t\t\t\t\t\t\t<\/div>-->\n\t\t\t\t\n\t\t\t\t<div class=\"row\">\n\t\t\t\t\t<div class=\"col s12\">\n\t\t\t\t\t\t<div class=\"card\">\n\t\t\t\t\t\t\t<div class=\"card-image\">\n\t\t\t\t\t\t\t\t<img src=\"https:\/\/hypdata-immobilien.de\/site\/wp-content\/uploads\/2018\/08\/Seniorenpark-1-450-1.jpg\">\n\t\t\t\t\t\t\t<\/div>\n\t\t\t\t\t\t\t<div class=\"card-content\">\n\t\t\t\t\t\t\t\t<h4>\n\t\t\t\t\t\t\t\t\tSenioren-Park-Diedorf\t\t\t\t\t\t\t\t<\/h4>\n\t\t\t\t\t\t\t\t<p>\n\t\t\t\t\t\t\t\t\tHighlights:<ul class=\"collection\"><li class=\"collection-item\">park\u00e4hnliche Ortsrandlage<\/li><li class=\"collection-item\">Wohnen ohne Barrieren<\/li><li class=\"collection-item\">funktionale Grundriss-und Gesamtkonzeption<\/li><li class=\"collection-item\">Tages-und Kurzzeitpflege durch das Bayerische Rote Kreuz<\/li><li class=\"collection-item\">\u00c4rzte-\/Physio-und gastronomische Versorgung im Haus <\/li><\/ul>\t\t\t\t\t\t\t\t<\/p>\n\t\t\t\t\t\t\t<\/div>\n\t\t\t\t\t\t\t\t\t\t\t\t\t\t<div class=\"card-action\">\n\t\t\t\t\t\t\t\t\t\t\t\t\t\t\t\t\t<a class=\"btn\" href=\"https:\/\/hypdata-immobilien.de\/site\/2018\/08\/03\/senioren-park-diedorf\/\">Details<\/a>\n\t\t\t\t\t\t\t\t\t\t\t\t\t\t\t\t\t\t\t\t\t\t\t<\/div>\n\t\t\t\t\t\t\t\t\t\t\t\t\t<\/div>\n\t\t\t\t\t<\/div>\n\t\t\t\t<\/div>\n\t\t\t\t\n\t\t\t<\/div>\n\t\t<\/div><\/div><\/div><\/div>","protected":false},"excerpt":{"rendered":"<p>HYPDATA, Ihr Augsburger Bautr\u00e4ger mit Stil. Von der Sanierung bis zum Neubau, von der klassischen Eigentumswohnung zur Gewerbeimmobilie, k\u00f6nnen wir auf ein breites Portfolio erfolgreicher Immobilienprojekte zur\u00fcckgreifen. Nachfolgend pr\u00e4sentieren wir Ihnen einen Auszug unserer realisierten Immobilienprojekte. Wir verwirklichen ausschlie\u00dflich Projekte, in die wir auch gerne selber einziehen m\u00f6chten, daher sind wir darauf stolz, Ihnen zwei [&hellip;]<\/p>\n","protected":false},"author":1,"featured_media":0,"parent":0,"menu_order":0,"comment_status":"closed","ping_status":"closed","template":"","meta":[],"_links":{"self":[{"href":"https:\/\/hypdata-immobilien.de\/site\/wp-json\/wp\/v2\/pages\/16"}],"collection":[{"href":"https:\/\/hypdata-immobilien.de\/site\/wp-json\/wp\/v2\/pages"}],"about":[{"href":"https:\/\/hypdata-immobilien.de\/site\/wp-json\/wp\/v2\/types\/page"}],"author":[{"embeddable":true,"href":"https:\/\/hypdata-immobilien.de\/site\/wp-json\/wp\/v2\/users\/1"}],"replies":[{"embeddable":true,"href":"https:\/\/hypdata-immobilien.de\/site\/wp-json\/wp\/v2\/comments?post=16"}],"version-history":[{"count":87,"href":"https:\/\/hypdata-immobilien.de\/site\/wp-json\/wp\/v2\/pages\/16\/revisions"}],"predecessor-version":[{"id":3453,"href":"https:\/\/hypdata-immobilien.de\/site\/wp-json\/wp\/v2\/pages\/16\/revisions\/3453"}],"wp:attachment":[{"href":"https:\/\/hypdata-immobilien.de\/site\/wp-json\/wp\/v2\/media?parent=16"}],"curies":[{"name":"wp","href":"https:\/\/api.w.org\/{rel}","templated":true}]}}