{"id":14,"date":"2018-06-07T11:34:58","date_gmt":"2018-06-07T09:34:58","guid":{"rendered":"http:\/\/wordpress.hypdata-hypothekenleitstelle.de\/?page_id=14"},"modified":"2018-07-20T11:40:20","modified_gmt":"2018-07-20T09:40:20","slug":"ueber-uns","status":"publish","type":"page","link":"https:\/\/hypdata-immobilien.de\/site\/ueber-uns\/","title":{"rendered":"\u00dcber uns"},"content":{"rendered":"<div id=\"pl-14\"  class=\"panel-layout\" ><div id=\"pg-14-0\"  class=\"panel-grid panel-no-style\" ><div id=\"pgc-14-0-0\"  class=\"panel-grid-cell\" ><div id=\"panel-14-0-0-0\" class=\"so-panel widget widget_sow-editor panel-first-child panel-last-child\" data-index=\"0\" ><div class=\"so-widget-sow-editor so-widget-sow-editor-base\">\n<div class=\"siteorigin-widget-tinymce textwidget\">\n\t<p>Die Firmengr\u00fcndung erfolgte im Jahr 2001. In der Startphase der HYPDATA war das Kerngesch\u00e4ft die unabh\u00e4ngige und kompetente Finanzierungsberatung f\u00fcr Privat- und\u00a0Firmenkunden (Schwerpunkt Immobilien\/Bautr\u00e4ger).<\/p>\n<p>Nach und nach erfolgte eine Neustrukturierung der T\u00e4tigkeit, hin zum Immobiliengesch\u00e4ft, welches bis heute der Schwerpunkt unseres Handelns ist. Hier decken wir die gesamte Bandbreite des Immobilienspektrums ab und k\u00f6nnen unseren Kunden eine rundum Betreuung zuteilwerden lassen.<\/p>\n<p>Unsere qualifizierten, motivierten Mitarbeiter stehen Ihnen dabei mit Rat und Tat zur Seite.<\/p>\n<\/div>\n<\/div><\/div><\/div><\/div><div id=\"pg-14-1\"  class=\"panel-grid panel-no-style\" ><div id=\"pgc-14-1-0\"  class=\"panel-grid-cell panel-grid-cell-empty\" ><\/div><div id=\"pgc-14-1-1\"  class=\"panel-grid-cell panel-grid-cell-mobile-last\" ><div id=\"panel-14-1-1-0\" class=\"so-panel widget widget_sow-editor panel-first-child panel-last-child\" data-index=\"1\" ><div class=\"so-widget-sow-editor so-widget-sow-editor-base\"><h3 class=\"widget-title\">T\u00e4tigkeitsbereich<\/h3>\n<div class=\"siteorigin-widget-tinymce textwidget\">\n\t<ul>\n<li>Neubau<\/li>\n<li>Altbau<\/li>\n<li>Denkmalschutz<\/li>\n<li>Vermietungen<\/li>\n<li>Projektierung und Entwicklung von Baugebieten und Dorfzentren<\/li>\n<li>Vermittlung und Bewertung von Privat- und Gewerbeimmobilien<\/li>\n<li>Eigenes Immobilienportfolio<\/li>\n<\/ul>\n<\/div>\n<\/div><\/div><\/div><div id=\"pgc-14-1-2\"  class=\"panel-grid-cell panel-grid-cell-empty\" ><\/div><\/div><\/div>","protected":false},"excerpt":{"rendered":"<p>Die Firmengr\u00fcndung erfolgte im Jahr 2001. In der Startphase der HYPDATA war das Kerngesch\u00e4ft die unabh\u00e4ngige und kompetente Finanzierungsberatung f\u00fcr Privat- und\u00a0Firmenkunden (Schwerpunkt Immobilien\/Bautr\u00e4ger). Nach und nach erfolgte eine Neustrukturierung der T\u00e4tigkeit, hin zum Immobiliengesch\u00e4ft, welches bis heute der Schwerpunkt unseres Handelns ist. Hier decken wir die gesamte Bandbreite des Immobilienspektrums ab und k\u00f6nnen unseren [&hellip;]<\/p>\n","protected":false},"author":1,"featured_media":0,"parent":0,"menu_order":0,"comment_status":"closed","ping_status":"closed","template":"","meta":[],"_links":{"self":[{"href":"https:\/\/hypdata-immobilien.de\/site\/wp-json\/wp\/v2\/pages\/14"}],"collection":[{"href":"https:\/\/hypdata-immobilien.de\/site\/wp-json\/wp\/v2\/pages"}],"about":[{"href":"https:\/\/hypdata-immobilien.de\/site\/wp-json\/wp\/v2\/types\/page"}],"author":[{"embeddable":true,"href":"https:\/\/hypdata-immobilien.de\/site\/wp-json\/wp\/v2\/users\/1"}],"replies":[{"embeddable":true,"href":"https:\/\/hypdata-immobilien.de\/site\/wp-json\/wp\/v2\/comments?post=14"}],"version-history":[{"count":18,"href":"https:\/\/hypdata-immobilien.de\/site\/wp-json\/wp\/v2\/pages\/14\/revisions"}],"predecessor-version":[{"id":447,"href":"https:\/\/hypdata-immobilien.de\/site\/wp-json\/wp\/v2\/pages\/14\/revisions\/447"}],"wp:attachment":[{"href":"https:\/\/hypdata-immobilien.de\/site\/wp-json\/wp\/v2\/media?parent=14"}],"curies":[{"name":"wp","href":"https:\/\/api.w.org\/{rel}","templated":true}]}}